{"id":8203,"date":"2025-11-29T19:07:47","date_gmt":"2025-11-29T19:07:47","guid":{"rendered":"https:\/\/sku-tcf.com\/?page_id=8203"},"modified":"2026-02-28T20:50:26","modified_gmt":"2026-02-28T20:50:26","slug":"combinaison-expression","status":"publish","type":"page","link":"https:\/\/sku-tcf.com\/en\/combinaison-expression\/","title":{"rendered":"Combinaison expression"},"content":{"rendered":"<div data-elementor-type=\"wp-page\" data-elementor-id=\"8203\" class=\"elementor elementor-8203\">\n\t\t\t\t<div class=\"elementor-element elementor-element-814b136 e-flex e-con-boxed wpr-particle-no wpr-jarallax-no wpr-parallax-no wpr-sticky-section-no e-con e-parent\" data-id=\"814b136\" data-element_type=\"container\" data-e-type=\"container\">\n\t\t\t\t\t<div class=\"e-con-inner\">\n\t\t\t\t<div class=\"elementor-element elementor-element-548592e wpr-nav-menu-bp-tablet wpr-main-menu-align-left wpr-main-menu-align--tabletleft wpr-main-menu-align--mobileleft wpr-pointer-underline wpr-pointer-line-fx wpr-pointer-fx-fade wpr-sub-icon-caret-down wpr-sub-menu-fx-fade wpr-mobile-menu-full-width wpr-mobile-menu-item-align-center wpr-mobile-toggle-v1 wpr-sub-divider-yes wpr-mobile-divider-yes elementor-widget elementor-widget-wpr-nav-menu\" data-id=\"548592e\" data-element_type=\"widget\" data-e-type=\"widget\" data-settings=\"{&quot;menu_layout&quot;:&quot;horizontal&quot;}\" data-widget_type=\"wpr-nav-menu.default\">\n\t\t\t\t\t<nav class=\"wpr-nav-menu-container wpr-nav-menu-horizontal\" data-trigger=\"hover\"><ul id=\"menu-1-548592e\" class=\"wpr-nav-menu\"><li class=\"menu-item menu-item-type-custom menu-item-object-custom menu-item-1447\"><a href=\"\/en\/comprehension-ecrite\/\" class=\"wpr-menu-item wpr-pointer-item\">Compr\u00e9hension \u00e9crite<\/a><\/li>\n<li class=\"menu-item menu-item-type-custom menu-item-object-custom menu-item-1448\"><a href=\"\/en\/comprehension-orale\/\" class=\"wpr-menu-item wpr-pointer-item\">Compr\u00e9hension orale<\/a><\/li>\n<li class=\"menu-item menu-item-type-custom menu-item-object-custom menu-item-1449\"><a href=\"\/en\/expression-ecrite\/\" class=\"wpr-menu-item wpr-pointer-item\">Expression \u00e9crite<\/a><\/li>\n<li class=\"menu-item menu-item-type-custom menu-item-object-custom menu-item-1450\"><a href=\"\/en\/expression-orale\/\" class=\"wpr-menu-item wpr-pointer-item\">Expression orale<\/a><\/li>\n<li class=\"menu-item menu-item-type-custom menu-item-object-custom menu-item-1451\"><a href=\"#\" class=\"wpr-menu-item wpr-pointer-item\">Examens Blancs<\/a><\/li>\n<li class=\"menu-item menu-item-type-custom menu-item-object-custom menu-item-1452\"><a href=\"#\" class=\"wpr-menu-item wpr-pointer-item\">Entrainement C2<\/a><\/li>\n<li class=\"menu-item menu-item-type-custom menu-item-object-custom menu-item-1457\"><a href=\"#\" class=\"wpr-menu-item wpr-pointer-item\">EE auto corrig\u00e9<\/a><\/li>\n<\/ul><\/nav><nav class=\"wpr-mobile-nav-menu-container\"><div class=\"wpr-mobile-toggle-wrap\"><div class=\"wpr-mobile-toggle\"><span class=\"wpr-mobile-toggle-line\"><\/span><span class=\"wpr-mobile-toggle-line\"><\/span><span class=\"wpr-mobile-toggle-line\"><\/span><\/div><\/div><ul id=\"mobile-menu-2-548592e\" class=\"wpr-mobile-nav-menu\"><li class=\"menu-item menu-item-type-custom menu-item-object-custom menu-item-1447\"><a href=\"\/en\/comprehension-ecrite\/\" class=\"wpr-mobile-menu-item\">Compr\u00e9hension \u00e9crite<\/a><\/li>\n<li class=\"menu-item menu-item-type-custom menu-item-object-custom menu-item-1448\"><a href=\"\/en\/comprehension-orale\/\" class=\"wpr-mobile-menu-item\">Compr\u00e9hension orale<\/a><\/li>\n<li class=\"menu-item menu-item-type-custom menu-item-object-custom menu-item-1449\"><a href=\"\/en\/expression-ecrite\/\" class=\"wpr-mobile-menu-item\">Expression \u00e9crite<\/a><\/li>\n<li class=\"menu-item menu-item-type-custom menu-item-object-custom menu-item-1450\"><a href=\"\/en\/expression-orale\/\" class=\"wpr-mobile-menu-item\">Expression orale<\/a><\/li>\n<li class=\"menu-item menu-item-type-custom menu-item-object-custom menu-item-1451\"><a href=\"#\" class=\"wpr-mobile-menu-item\">Examens Blancs<\/a><\/li>\n<li class=\"menu-item menu-item-type-custom menu-item-object-custom menu-item-1452\"><a href=\"#\" class=\"wpr-mobile-menu-item\">Entrainement C2<\/a><\/li>\n<li class=\"menu-item menu-item-type-custom menu-item-object-custom menu-item-1457\"><a href=\"#\" class=\"wpr-mobile-menu-item\">EE auto corrig\u00e9<\/a><\/li>\n<\/ul><\/nav>\t\t\t\t<\/div>\n\t\t\t\t<div class=\"elementor-element elementor-element-a2e196e wpr-offcanvas-align-left wpr-offcanvas-align-left elementor-hidden-desktop wpr-offcanvas-entrance-animation-fade elementor-widget elementor-widget-wpr-offcanvas\" data-id=\"a2e196e\" data-element_type=\"widget\" data-e-type=\"widget\" data-widget_type=\"wpr-offcanvas.default\">\n\t\t\t\t\t\n\t\t<div class=\"wpr-offcanvas-container\" data-offcanvas-open=\"no\">\n\t\t\t<button class=\"wpr-offcanvas-trigger\" aria-label=\"Voir toutes les combinaisons\" aria-expanded=\"false\" aria-controls=\"wpr-offcanvas-a2e196e\">\n\t\t\t\t<svg class=\"e-font-icon-svg e-far-arrow-alt-circle-right\" viewbox=\"0 0 512 512\" xmlns=\"http:\/\/www.w3.org\/2000\/svg\"><path d=\"M504 256C504 119 393 8 256 8S8 119 8 256s111 248 248 248 248-111 248-248zm-448 0c0-110.5 89.5-200 200-200s200 89.5 200 200-89.5 200-200 200S56 366.5 56 256zm72 20v-40c0-6.6 5.4-12 12-12h116v-67c0-10.7 12.9-16 20.5-8.5l99 99c4.7 4.7 4.7 12.3 0 17l-99 99c-7.6 7.6-20.5 2.2-20.5-8.5v-67H140c-6.6 0-12-5.4-12-12z\"><\/path><\/svg>\t\t\t\t\t\t\t\t\t<span>Voir toutes les combinaisons<\/span>\n\t\t\t\t\t\t\t<\/button>\n\n\t\t\t<div class=\"wpr-offcanvas-wrap wpr-offcanvas-wrap-right\">\n\t\t\t\t<div class=\"wpr-offcanvas-content wpr-offcanvas-content-right\">\n\t\t\t\t\t<div class=\"wpr-offcanvas-header\">\n\t\t\t\t\t\t<span class=\"wpr-close-offcanvas\">\n\t\t\t\t\t\t\t<i class=\"fa fa-times\" aria-hidden=\"true\"><\/i>\n\t\t\t\t\t\t<\/span>\n\t\t\t\t\t\t\t\t\t\t\t\t\t<span class=\"wpr-offcanvas-title\">Toutes les combinaisons<\/span>\n\t\t\t\t\t\t\t\t\t\t\t<\/div>\n\t\t\t\t\t<style>.elementor-21676 .elementor-element.elementor-element-6b4a50a{--display:flex;--flex-direction:column;--container-widget-width:100%;--container-widget-height:initial;--container-widget-flex-grow:0;--container-widget-align-self:initial;--flex-wrap-mobile:wrap;}.elementor-widget-text-editor{font-family:var( --e-global-typography-text-font-family ), Sans-serif;font-weight:var( --e-global-typography-text-font-weight );color:var( --e-global-color-text );}.elementor-widget-text-editor.elementor-drop-cap-view-stacked .elementor-drop-cap{background-color:var( --e-global-color-primary );}.elementor-widget-text-editor.elementor-drop-cap-view-framed .elementor-drop-cap, .elementor-widget-text-editor.elementor-drop-cap-view-default .elementor-drop-cap{color:var( --e-global-color-primary );border-color:var( --e-global-color-primary );}<\/style>\t\t<div data-elementor-type=\"section\" data-elementor-id=\"21676\" class=\"elementor elementor-21676\">\n\t\t\t\t<div class=\"elementor-element elementor-element-6b4a50a e-flex e-con-boxed wpr-particle-no wpr-jarallax-no wpr-parallax-no wpr-sticky-section-no e-con e-parent\" data-id=\"6b4a50a\" data-element_type=\"container\" data-e-type=\"container\">\n\t\t\t\t\t<div class=\"e-con-inner\">\n\t\t\t\t<div class=\"elementor-element elementor-element-ba9888b elementor-widget elementor-widget-text-editor\" data-id=\"ba9888b\" data-element_type=\"widget\" data-e-type=\"widget\" data-widget_type=\"text-editor.default\">\n\t\t\t\t\t\t\t\t\t<div class=\"bloc-scroll\"><ul class=\"liste-sujets-expression\"><li><a href=\"?mois=avril-2026\">Avril 2026<\/a><\/li>\n<li><a href=\"?mois=mars-2026\">Mars 2026<\/a><\/li>\n<li><a href=\"?mois=fevrier-2026\">Fevrier 2026<\/a><\/li>\n<li><a href=\"?mois=janvier-2026\">Janvier 2026<\/a><\/li>\n<li><a href=\"?mois=decembre-2025\">Decembre 2025<\/a><\/li>\n<li><a href=\"?mois=novembre-2025\">Novembre 2025<\/a><\/li>\n<li><a href=\"?mois=octobre-2025\">Octobre 2025<\/a><\/li>\n<li><a href=\"?mois=septembre-2025\">Septembre 2025<\/a><\/li>\n<li><a href=\"?mois=aout-2025\">Aout 2025<\/a><\/li>\n<li><a href=\"?mois=juillet-2025\">Juillet 2025<\/a><\/li>\n<li><a href=\"?mois=juin-2025\">Juin 2025<\/a><\/li>\n<li><a href=\"?mois=mai-2025\">Mai 2025<\/a><\/li>\n<li><a href=\"?mois=avril-2025\">Avril 2025<\/a><\/li>\n<li><a href=\"?mois=mars-2025\">Mars 2025<\/a><\/li>\n<li><a href=\"?mois=fevrier-2025\">Fevrier 2025<\/a><\/li>\n<li><a href=\"?mois=janvier-2025\">Janvier 2025<\/a><\/li>\n<li><a href=\"?mois=decembre-2024\">Decembre 2024<\/a><\/li>\n<li><a href=\"?mois=novembre-2024\">Novembre 2024<\/a><\/li>\n<li><a href=\"?mois=octobre-2024\">Octobre 2024<\/a><\/li>\n<li><a href=\"?mois=septembre-2024\">Septembre 2024<\/a><\/li>\n<li><a href=\"?mois=aout-2024\">Aout 2024<\/a><\/li>\n<li><a href=\"?mois=juillet-2024\">Juillet 2024<\/a><\/li>\n<li><a href=\"?mois=juin-2024\">Juin 2024<\/a><\/li>\n<li><a href=\"?mois=mai-2024\">Mai 2024<\/a><\/li>\n<li><a href=\"?mois=avril-2024\">Avril 2024<\/a><\/li>\n<li><a href=\"?mois=mars-2024\">Mars 2024<\/a><\/li>\n<li><a href=\"?mois=fevrier-2024\">Fevrier 2024<\/a><\/li>\n<li><a href=\"?mois=janvier-2024\">Janvier 2024<\/a><\/li>\n<li><a href=\"?mois=decembre-2023\">Decembre 2023<\/a><\/li>\n<li><a href=\"?mois=novembre-2023\">Novembre 2023<\/a><\/li>\n<li><a href=\"?mois=octobre-2023\">Octobre 2023<\/a><\/li>\n<li><a href=\"?mois=septembre-2023\">Septembre 2023<\/a><\/li>\n<li><a href=\"?mois=aout-2023\">Aout 2023<\/a><\/li>\n<li><a href=\"?mois=juillet-2023\">Juillet 2023<\/a><\/li>\n<li><a href=\"?mois=juin-2023\">Juin 2023<\/a><\/li>\n<li><a href=\"?mois=mai-2023\">Mai 2023<\/a><\/li>\n<li><a href=\"?mois=avril-2023\">Avril 2023<\/a><\/li>\n<li><a href=\"?mois=mars-2023\">Mars 2023<\/a><\/li>\n<li><a href=\"?mois=fevrier-2023\">Fevrier 2023<\/a><\/li>\n<li><a href=\"?mois=janvier-2023\">Janvier 2023<\/a><\/li>\n<\/ul><\/div>\t\t\t\t\t\t\t\t<\/div>\n\t\t\t\t\t<\/div>\n\t\t\t\t<\/div>\n\t\t\t\t<\/div>\n\t\t<span class=\"wpr-template-edit-btn\" data-permalink=\"https:\/\/sku-tcf.com\/en\/?elementor_library=ee-liste-serie\">Edit Template<\/span>\t\t\t\t<\/div>\n\t\t\t<\/div>\n\t\t<\/div>\n        \n    \t\t\t\t<\/div>\n\t\t\t\t\t<\/div>\n\t\t\t\t<\/div>\n\t\t<div class=\"elementor-element elementor-element-276e94d e-flex e-con-boxed wpr-particle-no wpr-jarallax-no wpr-parallax-no wpr-sticky-section-no e-con e-parent\" data-id=\"276e94d\" data-element_type=\"container\" data-e-type=\"container\">\n\t\t\t\t\t<div class=\"e-con-inner\">\n\t\t<div class=\"elementor-element elementor-element-be0ea10 e-con-full e-flex wpr-particle-no wpr-jarallax-no wpr-parallax-no wpr-sticky-section-no e-con e-child\" data-id=\"be0ea10\" data-element_type=\"container\" data-e-type=\"container\">\n\t\t\t\t<div class=\"elementor-element elementor-element-8afd5e7 elementor-hidden-tablet elementor-hidden-mobile elementor-widget elementor-widget-text-editor\" data-id=\"8afd5e7\" data-element_type=\"widget\" data-e-type=\"widget\" id=\"bloc-mobile\" data-widget_type=\"text-editor.default\">\n\t\t\t\t\t\t\t\t\t<p><p style=\"color:red\">Param\u00e8tres incorrects.<\/p><p>Il est possible que votre <strong>cellulaire<\/strong> soit la cause.<br>Pour une meilleure exp\u00e9rience pour les sujets d&#8217;expression \u00e9crite\/orale, utilisez un ordinateur.<\/p><p>Si vous voulez continuer sur mobile, voici les raccourcis :<\/p><ul>\r\n            <li><a href=\"\/en\/expression-orale\/\" class=\"btn btn-info\">Expression Orale<\/a><\/li>\r\n            <li><a href=\"\/en\/expression-ecrite\/\" class=\"btn btn-warning mt-3\">Expression Ecrite<\/a><\/li>\r\n        <\/ul><\/p>\t\t\t\t\t\t\t\t<\/div>\n\t\t\t\t<\/div>\n\t\t<div class=\"elementor-element elementor-element-68ba3dd e-con-full e-flex wpr-particle-no wpr-jarallax-no wpr-parallax-no wpr-sticky-section-no e-con e-child\" data-id=\"68ba3dd\" data-element_type=\"container\" data-e-type=\"container\">\n\t\t\t\t<div class=\"elementor-element elementor-element-ab24f69 elementor-hidden-tablet elementor-hidden-mobile elementor-widget elementor-widget-text-editor\" data-id=\"ab24f69\" data-element_type=\"widget\" data-e-type=\"widget\" data-widget_type=\"text-editor.default\">\n\t\t\t\t\t\t\t\t\t<h3 data-start=\"191\" data-end=\"230\"><span style=\"color: #ff6600;\">Expression \u00e9crite \u2013 TCF Canada<\/span><\/h3><p>&#8212;&#8212;&#8212;&#8212;&#8212;&#8212;&#8212;&#8212;&#8212;&#8212;&#8212;&#8212;<\/p><blockquote><p data-start=\"232\" data-end=\"346\">L\u2019<strong data-start=\"235\" data-end=\"259\">expression \u00e9crite<\/strong> \u00e9value votre capacit\u00e9 \u00e0 <strong data-start=\"284\" data-end=\"333\">formuler des id\u00e9es claires et structur\u00e9es<\/strong> en fran\u00e7ais.<\/p><\/blockquote><h5 data-start=\"579\" data-end=\"601\"><span style=\"color: #ff6600;\">Vos objectifs :<\/span><\/h5><p data-start=\"602\" data-end=\"634\">Dans cette \u00e9preuve, vous devrez :<\/p><ul data-start=\"635\" data-end=\"823\"><li data-start=\"635\" data-end=\"671\"><p data-start=\"637\" data-end=\"671\">r\u00e9pondre \u00e0 des <strong data-start=\"651\" data-end=\"670\">situations concr\u00e8tes<\/strong>,<\/p><\/li><li data-start=\"672\" data-end=\"715\"><p data-start=\"674\" data-end=\"715\">formuler des <strong data-start=\"689\" data-end=\"714\">arguments pertinents<\/strong>,<\/p><\/li><li data-start=\"716\" data-end=\"783\"><p data-start=\"718\" data-end=\"783\">structurer vos <strong data-start=\"730\" data-end=\"744\">id\u00e9es<\/strong> avec logique,<\/p><\/li><li data-start=\"784\" data-end=\"823\"><p data-start=\"786\" data-end=\"823\">respecter les <strong data-start=\"797\" data-end=\"822\">consignes de longueur<\/strong>.<\/p><\/li><\/ul><h5 data-start=\"825\" data-end=\"853\"><span style=\"color: #ff6600;\">Astuce pour r\u00e9ussir :<\/span><\/h5><ul data-start=\"854\" data-end=\"1115\"><li data-start=\"854\" data-end=\"905\"><p data-start=\"856\" data-end=\"905\">Lisez attentivement la <strong data-start=\"873\" data-end=\"885\">consigne<\/strong> avant d\u2019\u00e9crire.<\/p><\/li><li data-start=\"906\" data-end=\"998\"><p data-start=\"908\" data-end=\"998\">Utilisez des <strong data-start=\"982\" data-end=\"997\">connecteurs logiques<\/strong> pour organiser votre texte.<\/p><\/li><li data-start=\"999\" data-end=\"1115\"><p data-start=\"1001\" data-end=\"1115\">Relisez votre texte pour corriger les <strong data-start=\"1022\" data-end=\"1046\">fautes de grammaire<\/strong> et am\u00e9liorer la clart\u00e9.<\/p><\/li><\/ul><h5 data-start=\"1117\" data-end=\"1143\"><span style=\"color: #ff6600;\">Entra\u00eenez-vous ici :<\/span><\/h5><p data-start=\"1144\" data-end=\"1294\">Les exercices suivants vous aideront \u00e0 <strong data-start=\"1186\" data-end=\"1227\">vous pr\u00e9parer aux trois t\u00e2ches de l\u2019\u00e9preuve<\/strong>, \u00e0 <strong data-start=\"1231\" data-end=\"1253\">structurer vos id\u00e9es<\/strong> et \u00e0 <strong data-start=\"1259\" data-end=\"1293\">gagner en fluidit\u00e9<\/strong>.<\/p><p data-start=\"1296\" data-end=\"1331\">Bonne r\u00e9daction et bon entra\u00eenement !<\/p>\t\t\t\t\t\t\t\t<\/div>\n\t\t\t\t<div class=\"elementor-element elementor-element-fdeb8cc elementor-hidden-desktop elementor-widget elementor-widget-text-editor\" data-id=\"fdeb8cc\" data-element_type=\"widget\" data-e-type=\"widget\" id=\"bloc-resultat\" data-widget_type=\"text-editor.default\">\n\t\t\t\t\t\t\t\t\t<p>SKU-TCF<\/p>\t\t\t\t\t\t\t\t<\/div>\n\t\t\t\t<\/div>\n\t\t\t\t\t<\/div>\n\t\t\t\t<\/div>\n\t\t\t\t<\/div>","protected":false},"excerpt":{"rendered":"<p>Compr\u00e9hension \u00e9crite Compr\u00e9hension orale Expression \u00e9crite Expression orale Examens Blancs Entrainement C2 EE auto corrig\u00e9<\/p>","protected":false},"author":1,"featured_media":0,"parent":0,"menu_order":0,"comment_status":"closed","ping_status":"closed","template":"elementor_header_footer","meta":{"footnotes":""},"class_list":["post-8203","page","type-page","status-publish","hentry"],"yoast_head":"<!-- This site is optimized with the Yoast SEO plugin v27.1.1 - https:\/\/yoast.com\/product\/yoast-seo-wordpress\/ -->\n<title>Combinaison expression - SKU - TCF<\/title>\n<meta name=\"robots\" content=\"index, follow, max-snippet:-1, max-image-preview:large, max-video-preview:-1\" \/>\n<link rel=\"canonical\" href=\"https:\/\/sku-tcf.com\/en\/combinaison-expression\/\" \/>\n<meta property=\"og:locale\" content=\"en_US\" \/>\n<meta property=\"og:type\" content=\"article\" \/>\n<meta property=\"og:title\" content=\"Combinaison expression - SKU - TCF\" \/>\n<meta property=\"og:description\" content=\"Compr\u00e9hension \u00e9crite Compr\u00e9hension orale Expression \u00e9crite Expression orale Examens Blancs Entrainement C2 EE auto corrig\u00e9\" \/>\n<meta property=\"og:url\" content=\"https:\/\/sku-tcf.com\/en\/combinaison-expression\/\" \/>\n<meta property=\"og:site_name\" content=\"SKU - TCF\" \/>\n<meta property=\"article:modified_time\" content=\"2026-02-28T20:50:26+00:00\" \/>\n<meta name=\"twitter:card\" content=\"summary_large_image\" \/>\n<meta name=\"twitter:label1\" content=\"Est. reading time\" \/>\n\t<meta name=\"twitter:data1\" content=\"2 minutes\" \/>\n<script type=\"application\/ld+json\" class=\"yoast-schema-graph\">{\"@context\":\"https:\/\/schema.org\",\"@graph\":[{\"@type\":\"WebPage\",\"@id\":\"https:\/\/sku-tcf.com\/combinaison-expression\/\",\"url\":\"https:\/\/sku-tcf.com\/combinaison-expression\/\",\"name\":\"Combinaison expression - SKU - TCF\",\"isPartOf\":{\"@id\":\"https:\/\/sku-tcf.com\/#website\"},\"datePublished\":\"2025-11-29T19:07:47+00:00\",\"dateModified\":\"2026-02-28T20:50:26+00:00\",\"breadcrumb\":{\"@id\":\"https:\/\/sku-tcf.com\/combinaison-expression\/#breadcrumb\"},\"inLanguage\":\"en-CA\",\"potentialAction\":[{\"@type\":\"ReadAction\",\"target\":[\"https:\/\/sku-tcf.com\/combinaison-expression\/\"]}]},{\"@type\":\"BreadcrumbList\",\"@id\":\"https:\/\/sku-tcf.com\/combinaison-expression\/#breadcrumb\",\"itemListElement\":[{\"@type\":\"ListItem\",\"position\":1,\"name\":\"Accueil\",\"item\":\"https:\/\/sku-tcf.com\/\"},{\"@type\":\"ListItem\",\"position\":2,\"name\":\"Combinaison expression\"}]},{\"@type\":\"WebSite\",\"@id\":\"https:\/\/sku-tcf.com\/#website\",\"url\":\"https:\/\/sku-tcf.com\/\",\"name\":\"SKU - TCF\",\"description\":\"Pr\u00e9parez, progressez et performez-vous \u2013 avec SKU-TCF\",\"publisher\":{\"@id\":\"https:\/\/sku-tcf.com\/#organization\"},\"potentialAction\":[{\"@type\":\"SearchAction\",\"target\":{\"@type\":\"EntryPoint\",\"urlTemplate\":\"https:\/\/sku-tcf.com\/?s={search_term_string}\"},\"query-input\":{\"@type\":\"PropertyValueSpecification\",\"valueRequired\":true,\"valueName\":\"search_term_string\"}}],\"inLanguage\":\"en-CA\"},{\"@type\":\"Organization\",\"@id\":\"https:\/\/sku-tcf.com\/#organization\",\"name\":\"SKU - TCF\",\"url\":\"https:\/\/sku-tcf.com\/\",\"logo\":{\"@type\":\"ImageObject\",\"inLanguage\":\"en-CA\",\"@id\":\"https:\/\/sku-tcf.com\/#\/schema\/logo\/image\/\",\"url\":\"https:\/\/sku-tcf.com\/wp-content\/uploads\/2025\/09\/e1793304a629429c911a8d8f55d94949-free-1.png\",\"contentUrl\":\"https:\/\/sku-tcf.com\/wp-content\/uploads\/2025\/09\/e1793304a629429c911a8d8f55d94949-free-1.png\",\"width\":199,\"height\":80,\"caption\":\"SKU - TCF\"},\"image\":{\"@id\":\"https:\/\/sku-tcf.com\/#\/schema\/logo\/image\/\"}}]}<\/script>\n<!-- \/ Yoast SEO plugin. -->","yoast_head_json":{"title":"Combinaison expression - SKU - TCF","robots":{"index":"index","follow":"follow","max-snippet":"max-snippet:-1","max-image-preview":"max-image-preview:large","max-video-preview":"max-video-preview:-1"},"canonical":"https:\/\/sku-tcf.com\/en\/combinaison-expression\/","og_locale":"en_US","og_type":"article","og_title":"Combinaison expression - SKU - TCF","og_description":"Compr\u00e9hension \u00e9crite Compr\u00e9hension orale Expression \u00e9crite Expression orale Examens Blancs Entrainement C2 EE auto corrig\u00e9","og_url":"https:\/\/sku-tcf.com\/en\/combinaison-expression\/","og_site_name":"SKU - TCF","article_modified_time":"2026-02-28T20:50:26+00:00","twitter_card":"summary_large_image","twitter_misc":{"Est. reading time":"2 minutes"},"schema":{"@context":"https:\/\/schema.org","@graph":[{"@type":"WebPage","@id":"https:\/\/sku-tcf.com\/combinaison-expression\/","url":"https:\/\/sku-tcf.com\/combinaison-expression\/","name":"Combinaison expression - SKU - TCF","isPartOf":{"@id":"https:\/\/sku-tcf.com\/#website"},"datePublished":"2025-11-29T19:07:47+00:00","dateModified":"2026-02-28T20:50:26+00:00","breadcrumb":{"@id":"https:\/\/sku-tcf.com\/combinaison-expression\/#breadcrumb"},"inLanguage":"en-CA","potentialAction":[{"@type":"ReadAction","target":["https:\/\/sku-tcf.com\/combinaison-expression\/"]}]},{"@type":"BreadcrumbList","@id":"https:\/\/sku-tcf.com\/combinaison-expression\/#breadcrumb","itemListElement":[{"@type":"ListItem","position":1,"name":"Accueil","item":"https:\/\/sku-tcf.com\/"},{"@type":"ListItem","position":2,"name":"Combinaison expression"}]},{"@type":"WebSite","@id":"https:\/\/sku-tcf.com\/#website","url":"https:\/\/sku-tcf.com\/","name":"SKU - TCF","description":"Pr\u00e9parez, progressez et performez-vous \u2013 avec SKU-TCF","publisher":{"@id":"https:\/\/sku-tcf.com\/#organization"},"potentialAction":[{"@type":"SearchAction","target":{"@type":"EntryPoint","urlTemplate":"https:\/\/sku-tcf.com\/?s={search_term_string}"},"query-input":{"@type":"PropertyValueSpecification","valueRequired":true,"valueName":"search_term_string"}}],"inLanguage":"en-CA"},{"@type":"Organization","@id":"https:\/\/sku-tcf.com\/#organization","name":"SKU - TCF","url":"https:\/\/sku-tcf.com\/","logo":{"@type":"ImageObject","inLanguage":"en-CA","@id":"https:\/\/sku-tcf.com\/#\/schema\/logo\/image\/","url":"https:\/\/sku-tcf.com\/wp-content\/uploads\/2025\/09\/e1793304a629429c911a8d8f55d94949-free-1.png","contentUrl":"https:\/\/sku-tcf.com\/wp-content\/uploads\/2025\/09\/e1793304a629429c911a8d8f55d94949-free-1.png","width":199,"height":80,"caption":"SKU - TCF"},"image":{"@id":"https:\/\/sku-tcf.com\/#\/schema\/logo\/image\/"}}]}},"_links":{"self":[{"href":"https:\/\/sku-tcf.com\/en\/wp-json\/wp\/v2\/pages\/8203","targetHints":{"allow":["GET"]}}],"collection":[{"href":"https:\/\/sku-tcf.com\/en\/wp-json\/wp\/v2\/pages"}],"about":[{"href":"https:\/\/sku-tcf.com\/en\/wp-json\/wp\/v2\/types\/page"}],"author":[{"embeddable":true,"href":"https:\/\/sku-tcf.com\/en\/wp-json\/wp\/v2\/users\/1"}],"replies":[{"embeddable":true,"href":"https:\/\/sku-tcf.com\/en\/wp-json\/wp\/v2\/comments?post=8203"}],"version-history":[{"count":34,"href":"https:\/\/sku-tcf.com\/en\/wp-json\/wp\/v2\/pages\/8203\/revisions"}],"predecessor-version":[{"id":21747,"href":"https:\/\/sku-tcf.com\/en\/wp-json\/wp\/v2\/pages\/8203\/revisions\/21747"}],"wp:attachment":[{"href":"https:\/\/sku-tcf.com\/en\/wp-json\/wp\/v2\/media?parent=8203"}],"curies":[{"name":"wp","href":"https:\/\/api.w.org\/{rel}","templated":true}]}}