{"id":321,"date":"2023-09-11T09:31:49","date_gmt":"2023-09-11T09:31:49","guid":{"rendered":"http:\/\/pxelcode.com\/wp\/edumel\/?page_id=321"},"modified":"2026-02-28T17:38:38","modified_gmt":"2026-02-28T17:38:38","slug":"contact","status":"publish","type":"page","link":"https:\/\/sku-tcf.com\/en\/contact\/","title":{"rendered":"Contact"},"content":{"rendered":"<div data-elementor-type=\"wp-page\" data-elementor-id=\"321\" class=\"elementor elementor-321\">\n\t\t\t\t\t\t<section class=\"elementor-section elementor-top-section elementor-element elementor-element-7ab59e2 elementor-section-content-top elementor-section-boxed elementor-section-height-default elementor-section-height-default wpr-particle-no wpr-jarallax-no wpr-parallax-no wpr-sticky-section-no\" data-id=\"7ab59e2\" data-element_type=\"section\" data-e-type=\"section\">\n\t\t\t\t\t\t<div class=\"elementor-container elementor-column-gap-no\">\n\t\t\t\t\t<div class=\"elementor-column elementor-col-50 elementor-top-column elementor-element elementor-element-9a344e3\" data-id=\"9a344e3\" data-element_type=\"column\" data-e-type=\"column\">\n\t\t\t<div class=\"elementor-widget-wrap elementor-element-populated\">\n\t\t\t\t\t\t<div class=\"elementor-element elementor-element-8d940b6 elementor-widget elementor-widget-edumel-contact-info\" data-id=\"8d940b6\" data-element_type=\"widget\" data-e-type=\"widget\" data-widget_type=\"edumel-contact-info.default\">\n\t\t\t\t<div class=\"elementor-widget-container\">\n\t\t\t\t\t\t\t\n\t\t\t<div class=\"contact-info-wrapper mb-5 mb-lg-0\">\n\t\t\t   <h3>Une question ? Besoin de conseil ?  <br> <\/h3>\n\t\t\t   <p>Besoin d\u2019aide pour choisir votre pack ? Appelez-nous ou utilisez notre formulaire de contact ci-dessous.<\/p>\n\n\t\t\t\t\t\t\t\t\t\t\n\t\t\t\t\t\t<div class=\"contact-item\">\n\t\t\t\t\t\t\t<i class=\"fa fa-envelope\"><\/i>\n\t\t\t\t\t\t\t<h5>contact@sku-tcf.com<\/h5>\n\t\t\t\t\t\t<\/div>\n\t\t\t\t\t\t\n\t\t\t\t\t\t\n\t\t\t\t\t\t\t\t\t\t\n\t\t\t\t\t\t<div class=\"contact-item\">\n\t\t\t\t\t\t\t<i class=\"fa fa-phone-alt\"><\/i>\n\t\t\t\t\t\t\t<h5>+1 343-540-9935<\/h5>\n\t\t\t\t\t\t<\/div>\n\t\t\t\t\t\t\n\t\t\t\t\t\t\n\t\t\t\t\t\t\t\t\t\t\n\t\t\t\t\t\t<div class=\"contact-item\">\n\t\t\t\t\t\t\t<i class=\"fa fa-phone-alt\"><\/i>\n\t\t\t\t\t\t\t<h5>+237 698 76 80 04<\/h5>\n\t\t\t\t\t\t<\/div>\n\t\t\t\t\t\t\n\t\t\t\t\t\t\n\t\t\t\t\t\t\t\t\t\t\n\t\t\t\t\t\t<div class=\"contact-item\">\n\t\t\t\t\t\t\t<i class=\"fa fa-mobile\"><\/i>\n\t\t\t\t\t\t\t<h5>Ecrivez-nous par whatsApp<\/h5>\n\t\t\t\t\t\t<\/div>\n\t\t\t\t\t\t\n\t\t\t\t\t\t\n\t\t\t\t\t\t\t\t\t\t\n\t\t\t\t\t\t<div class=\"contact-item\">\n\t\t\t\t\t\t\t<i class=\"fa fa-map-marker\"><\/i>\n\t\t\t\t\t\t\t<h5>Qu\u00e9bec - CA | Yaound\u00e9, CMR<\/h5>\n\t\t\t\t\t\t<\/div>\n\t\t\t\t\t\t\n\t\t\t\t\t\t\n\t\t\t\t\t\n\t\t\t\t\n\t\t\t<\/div>\n\t\t\t\t\t\t<\/div>\n\t\t\t\t<\/div>\n\t\t\t\t\t<\/div>\n\t\t<\/div>\n\t\t\t\t<div class=\"elementor-column elementor-col-50 elementor-top-column elementor-element elementor-element-2e39d7f\" data-id=\"2e39d7f\" data-element_type=\"column\" data-e-type=\"column\">\n\t\t\t<div class=\"elementor-widget-wrap elementor-element-populated\">\n\t\t\t\t\t\t<div class=\"elementor-element elementor-element-99ba2bc elementor-widget elementor-widget-edumel-contact-form\" data-id=\"99ba2bc\" data-element_type=\"widget\" data-e-type=\"widget\" data-widget_type=\"edumel-contact-form.default\">\n\t\t\t\t<div class=\"elementor-widget-container\">\n\t\t\t\t\t\t\t\n\t\t<div class=\"contact__form form-row\" id=\"contactForm\">\n             \n<div class=\"wpcf7 no-js\" id=\"wpcf7-f335-o1\" lang=\"en-US\" dir=\"ltr\" data-wpcf7-id=\"335\">\n<div class=\"screen-reader-response\"><p role=\"status\" aria-live=\"polite\" aria-atomic=\"true\"><\/p> <ul><\/ul><\/div>\n<form action=\"\/en\/wp-json\/wp\/v2\/pages\/321#wpcf7-f335-o1\" method=\"post\" class=\"wpcf7-form init\" aria-label=\"Contact form\" novalidate=\"novalidate\" data-status=\"init\" data-trp-original-action=\"\/en\/wp-json\/wp\/v2\/pages\/321#wpcf7-f335-o1\">\n<fieldset class=\"hidden-fields-container\"><input type=\"hidden\" name=\"_wpcf7\" value=\"335\" \/><input type=\"hidden\" name=\"_wpcf7_version\" value=\"6.1.5\" \/><input type=\"hidden\" name=\"_wpcf7_locale\" value=\"en_US\" \/><input type=\"hidden\" name=\"_wpcf7_unit_tag\" value=\"wpcf7-f335-o1\" \/><input type=\"hidden\" name=\"_wpcf7_container_post\" value=\"0\" \/><input type=\"hidden\" name=\"_wpcf7_posted_data_hash\" value=\"\" \/>\n<\/fieldset>\n<div class=\"row\">\n\t<div class=\"col-lg-6\">\n\t\t<div class=\"form-group\">\n\t\t\t<p><span class=\"wpcf7-form-control-wrap\" data-name=\"text-240\"><input size=\"40\" maxlength=\"400\" class=\"wpcf7-form-control wpcf7-text wpcf7-validates-as-required form-control\" aria-required=\"true\" aria-invalid=\"false\" placeholder=\"Votre nom\" value=\"\" type=\"text\" name=\"text-240\" \/><\/span>\n\t\t\t<\/p>\n\t\t<\/div>\n\t<\/div>\n\t<div class=\"col-lg-6\">\n\t\t<div class=\"form-group\">\n\t\t\t<p><span class=\"wpcf7-form-control-wrap\" data-name=\"email-667\"><input size=\"40\" maxlength=\"400\" class=\"wpcf7-form-control wpcf7-email wpcf7-validates-as-required wpcf7-text wpcf7-validates-as-email form-control\" aria-required=\"true\" aria-invalid=\"false\" placeholder=\"Adresse email\" value=\"\" type=\"email\" name=\"email-667\" \/><\/span>\n\t\t\t<\/p>\n\t\t<\/div>\n\t<\/div>\n\t<div class=\"col-lg-12\">\n\t\t<div class=\"form-group\">\n\t\t\t<p><span class=\"wpcf7-form-control-wrap\" data-name=\"tel-617\"><input size=\"40\" maxlength=\"400\" class=\"wpcf7-form-control wpcf7-tel wpcf7-text wpcf7-validates-as-tel form-control\" aria-invalid=\"false\" placeholder=\"Num\u00e9ro de t\u00e9l\u00e9phone\" value=\"\" type=\"tel\" name=\"tel-617\" \/><\/span>\n\t\t\t<\/p>\n\t\t<\/div>\n\t<\/div>\n\t<div class=\"col-lg-12\">\n\t\t<div class=\"form-group\">\n\t\t\t<p><span class=\"wpcf7-form-control-wrap\" data-name=\"text-245\"><input size=\"40\" maxlength=\"400\" class=\"wpcf7-form-control wpcf7-text wpcf7-validates-as-required form-control\" aria-required=\"true\" aria-invalid=\"false\" placeholder=\"Object\" value=\"\" type=\"text\" name=\"text-245\" \/><\/span>\n\t\t\t<\/p>\n\t\t<\/div>\n\t<\/div>\n\t<div class=\"col-lg-12\">\n\t\t<div class=\"form-group\">\n\t\t\t<p><span class=\"wpcf7-form-control-wrap\" data-name=\"select-174\"><select class=\"wpcf7-form-control wpcf7-select wpcf7-validates-as-required form-control\" aria-required=\"true\" aria-invalid=\"false\" name=\"select-174\"><option value=\"\">-- Choisir un Pack --<\/option><option value=\"Pack Basique\">Pack Basique<\/option><option value=\"Pack Premium\">Pack Premium<\/option><option value=\"Pack Personnalis\u00e9\">Pack Personnalis\u00e9<\/option><\/select><\/span>\n\t\t\t<\/p>\n\t\t<\/div>\n\t<\/div>\n\t<div class=\"col-lg-12\">\n\t\t<div class=\"form-group\">\n\t\t\t<p><span class=\"wpcf7-form-control-wrap\" data-name=\"select-138\"><select class=\"wpcf7-form-control wpcf7-select wpcf7-validates-as-required form-control\" aria-required=\"true\" aria-invalid=\"false\" name=\"select-138\"><option value=\"\">-- Choisir une formule --<\/option><option value=\"01 semaine\">01 semaine<\/option><option value=\"02 semaines\">02 semaines<\/option><option value=\"03 semaines\">03 semaines<\/option><option value=\"01 mois\">01 mois<\/option><option value=\"02 mois\">02 mois<\/option><option value=\"03 mois\">03 mois<\/option><\/select><\/span>\n\t\t\t<\/p>\n\t\t<\/div>\n\t<\/div>\n\t<div class=\"col-lg-12\">\n\t\t<div class=\"form-group\">\n\t\t\t<p><span class=\"wpcf7-form-control-wrap\" data-name=\"textarea-675\"><textarea cols=\"40\" rows=\"10\" maxlength=\"2000\" class=\"wpcf7-form-control wpcf7-textarea wpcf7-validates-as-required form-control\" aria-required=\"true\" aria-invalid=\"false\" placeholder=\"Contenu du message\" name=\"textarea-675\"><\/textarea><\/span>\n\t\t\t<\/p>\n\t\t<\/div>\n\t<\/div>\n<\/div>\n<div class=\"col-lg-12\">\n\t<div class=\"text-center\">\n\t\t<p><input class=\"wpcf7-form-control wpcf7-submit has-spinner btn btn-main w-100 rounded\" type=\"submit\" value=\"Envoyer le message\" \/>\n\t\t<\/p>\n\t<\/div>\n<\/div><div class=\"wpcf7-response-output\" aria-hidden=\"true\"><\/div>\n<input type=\"hidden\" name=\"trp-form-language\" value=\"en\"\/><\/form>\n<\/div>\n    \n        <\/div>\n\t\t\n\t\t\t\t\t\t<\/div>\n\t\t\t\t<\/div>\n\t\t\t\t\t<\/div>\n\t\t<\/div>\n\t\t\t\t\t<\/div>\n\t\t<\/section>\n\t\t\t\t<\/div>","protected":false},"excerpt":{"rendered":"<p>Une question ? Besoin de conseil ? Besoin d\u2019aide pour choisir votre pack ? Appelez-nous<\/p>","protected":false},"author":1,"featured_media":0,"parent":0,"menu_order":0,"comment_status":"closed","ping_status":"closed","template":"page-builder.php","meta":{"footnotes":""},"class_list":["post-321","page","type-page","status-publish","hentry"],"yoast_head":"<!-- This site is optimized with the Yoast SEO plugin v27.1.1 - https:\/\/yoast.com\/product\/yoast-seo-wordpress\/ -->\n<title>Contact - SKU - TCF<\/title>\n<meta name=\"robots\" content=\"index, follow, max-snippet:-1, max-image-preview:large, max-video-preview:-1\" \/>\n<link rel=\"canonical\" href=\"https:\/\/sku-tcf.com\/en\/contact\/\" \/>\n<meta property=\"og:locale\" content=\"en_US\" \/>\n<meta property=\"og:type\" content=\"article\" \/>\n<meta property=\"og:title\" content=\"Contact - SKU - TCF\" \/>\n<meta property=\"og:description\" content=\"Une question ? Besoin de conseil ? Besoin d\u2019aide pour choisir votre pack ? Appelez-nous\" \/>\n<meta property=\"og:url\" content=\"https:\/\/sku-tcf.com\/en\/contact\/\" \/>\n<meta property=\"og:site_name\" content=\"SKU - TCF\" \/>\n<meta property=\"article:modified_time\" content=\"2026-02-28T17:38:38+00:00\" \/>\n<meta name=\"twitter:card\" content=\"summary_large_image\" \/>\n<meta name=\"twitter:label1\" content=\"Est. reading time\" \/>\n\t<meta name=\"twitter:data1\" content=\"1 minute\" \/>\n<script type=\"application\/ld+json\" class=\"yoast-schema-graph\">{\"@context\":\"https:\/\/schema.org\",\"@graph\":[{\"@type\":\"WebPage\",\"@id\":\"https:\/\/sku-tcf.com\/contact\/\",\"url\":\"https:\/\/sku-tcf.com\/contact\/\",\"name\":\"Contact - SKU - TCF\",\"isPartOf\":{\"@id\":\"https:\/\/sku-tcf.com\/#website\"},\"datePublished\":\"2023-09-11T09:31:49+00:00\",\"dateModified\":\"2026-02-28T17:38:38+00:00\",\"breadcrumb\":{\"@id\":\"https:\/\/sku-tcf.com\/contact\/#breadcrumb\"},\"inLanguage\":\"en-CA\",\"potentialAction\":[{\"@type\":\"ReadAction\",\"target\":[\"https:\/\/sku-tcf.com\/contact\/\"]}]},{\"@type\":\"BreadcrumbList\",\"@id\":\"https:\/\/sku-tcf.com\/contact\/#breadcrumb\",\"itemListElement\":[{\"@type\":\"ListItem\",\"position\":1,\"name\":\"Accueil\",\"item\":\"https:\/\/sku-tcf.com\/\"},{\"@type\":\"ListItem\",\"position\":2,\"name\":\"Contact\"}]},{\"@type\":\"WebSite\",\"@id\":\"https:\/\/sku-tcf.com\/#website\",\"url\":\"https:\/\/sku-tcf.com\/\",\"name\":\"SKU - TCF\",\"description\":\"Pr\u00e9parez, progressez et performez-vous \u2013 avec SKU-TCF\",\"publisher\":{\"@id\":\"https:\/\/sku-tcf.com\/#organization\"},\"potentialAction\":[{\"@type\":\"SearchAction\",\"target\":{\"@type\":\"EntryPoint\",\"urlTemplate\":\"https:\/\/sku-tcf.com\/?s={search_term_string}\"},\"query-input\":{\"@type\":\"PropertyValueSpecification\",\"valueRequired\":true,\"valueName\":\"search_term_string\"}}],\"inLanguage\":\"en-CA\"},{\"@type\":\"Organization\",\"@id\":\"https:\/\/sku-tcf.com\/#organization\",\"name\":\"SKU - TCF\",\"url\":\"https:\/\/sku-tcf.com\/\",\"logo\":{\"@type\":\"ImageObject\",\"inLanguage\":\"en-CA\",\"@id\":\"https:\/\/sku-tcf.com\/#\/schema\/logo\/image\/\",\"url\":\"https:\/\/sku-tcf.com\/wp-content\/uploads\/2025\/09\/e1793304a629429c911a8d8f55d94949-free-1.png\",\"contentUrl\":\"https:\/\/sku-tcf.com\/wp-content\/uploads\/2025\/09\/e1793304a629429c911a8d8f55d94949-free-1.png\",\"width\":199,\"height\":80,\"caption\":\"SKU - TCF\"},\"image\":{\"@id\":\"https:\/\/sku-tcf.com\/#\/schema\/logo\/image\/\"}}]}<\/script>\n<!-- \/ Yoast SEO plugin. -->","yoast_head_json":{"title":"Contact - SKU - TCF","robots":{"index":"index","follow":"follow","max-snippet":"max-snippet:-1","max-image-preview":"max-image-preview:large","max-video-preview":"max-video-preview:-1"},"canonical":"https:\/\/sku-tcf.com\/en\/contact\/","og_locale":"en_US","og_type":"article","og_title":"Contact - SKU - TCF","og_description":"Une question ? Besoin de conseil ? Besoin d\u2019aide pour choisir votre pack ? Appelez-nous","og_url":"https:\/\/sku-tcf.com\/en\/contact\/","og_site_name":"SKU - TCF","article_modified_time":"2026-02-28T17:38:38+00:00","twitter_card":"summary_large_image","twitter_misc":{"Est. reading time":"1 minute"},"schema":{"@context":"https:\/\/schema.org","@graph":[{"@type":"WebPage","@id":"https:\/\/sku-tcf.com\/contact\/","url":"https:\/\/sku-tcf.com\/contact\/","name":"Contact - SKU - TCF","isPartOf":{"@id":"https:\/\/sku-tcf.com\/#website"},"datePublished":"2023-09-11T09:31:49+00:00","dateModified":"2026-02-28T17:38:38+00:00","breadcrumb":{"@id":"https:\/\/sku-tcf.com\/contact\/#breadcrumb"},"inLanguage":"en-CA","potentialAction":[{"@type":"ReadAction","target":["https:\/\/sku-tcf.com\/contact\/"]}]},{"@type":"BreadcrumbList","@id":"https:\/\/sku-tcf.com\/contact\/#breadcrumb","itemListElement":[{"@type":"ListItem","position":1,"name":"Accueil","item":"https:\/\/sku-tcf.com\/"},{"@type":"ListItem","position":2,"name":"Contact"}]},{"@type":"WebSite","@id":"https:\/\/sku-tcf.com\/#website","url":"https:\/\/sku-tcf.com\/","name":"SKU - TCF","description":"Pr\u00e9parez, progressez et performez-vous \u2013 avec SKU-TCF","publisher":{"@id":"https:\/\/sku-tcf.com\/#organization"},"potentialAction":[{"@type":"SearchAction","target":{"@type":"EntryPoint","urlTemplate":"https:\/\/sku-tcf.com\/?s={search_term_string}"},"query-input":{"@type":"PropertyValueSpecification","valueRequired":true,"valueName":"search_term_string"}}],"inLanguage":"en-CA"},{"@type":"Organization","@id":"https:\/\/sku-tcf.com\/#organization","name":"SKU - TCF","url":"https:\/\/sku-tcf.com\/","logo":{"@type":"ImageObject","inLanguage":"en-CA","@id":"https:\/\/sku-tcf.com\/#\/schema\/logo\/image\/","url":"https:\/\/sku-tcf.com\/wp-content\/uploads\/2025\/09\/e1793304a629429c911a8d8f55d94949-free-1.png","contentUrl":"https:\/\/sku-tcf.com\/wp-content\/uploads\/2025\/09\/e1793304a629429c911a8d8f55d94949-free-1.png","width":199,"height":80,"caption":"SKU - TCF"},"image":{"@id":"https:\/\/sku-tcf.com\/#\/schema\/logo\/image\/"}}]}},"_links":{"self":[{"href":"https:\/\/sku-tcf.com\/en\/wp-json\/wp\/v2\/pages\/321","targetHints":{"allow":["GET"]}}],"collection":[{"href":"https:\/\/sku-tcf.com\/en\/wp-json\/wp\/v2\/pages"}],"about":[{"href":"https:\/\/sku-tcf.com\/en\/wp-json\/wp\/v2\/types\/page"}],"author":[{"embeddable":true,"href":"https:\/\/sku-tcf.com\/en\/wp-json\/wp\/v2\/users\/1"}],"replies":[{"embeddable":true,"href":"https:\/\/sku-tcf.com\/en\/wp-json\/wp\/v2\/comments?post=321"}],"version-history":[{"count":21,"href":"https:\/\/sku-tcf.com\/en\/wp-json\/wp\/v2\/pages\/321\/revisions"}],"predecessor-version":[{"id":21636,"href":"https:\/\/sku-tcf.com\/en\/wp-json\/wp\/v2\/pages\/321\/revisions\/21636"}],"wp:attachment":[{"href":"https:\/\/sku-tcf.com\/en\/wp-json\/wp\/v2\/media?parent=321"}],"curies":[{"name":"wp","href":"https:\/\/api.w.org\/{rel}","templated":true}]}}