{"id":298,"date":"2023-09-11T09:13:51","date_gmt":"2023-09-11T09:13:51","guid":{"rendered":"http:\/\/pxelcode.com\/wp\/edumel\/?page_id=298"},"modified":"2026-02-28T23:05:57","modified_gmt":"2026-02-28T23:05:57","slug":"coaching","status":"publish","type":"page","link":"https:\/\/sku-tcf.com\/en\/coaching\/","title":{"rendered":"Coaching en direct"},"content":{"rendered":"<div data-elementor-type=\"wp-page\" data-elementor-id=\"298\" class=\"elementor elementor-298\">\n\t\t\t\t\t\t<section class=\"elementor-section elementor-top-section elementor-element elementor-element-a160211 elementor-section-content-middle elementor-section-boxed elementor-section-height-default elementor-section-height-default wpr-particle-no wpr-jarallax-no wpr-parallax-no wpr-sticky-section-no\" data-id=\"a160211\" data-element_type=\"section\" data-e-type=\"section\">\n\t\t\t\t\t\t<div class=\"elementor-container elementor-column-gap-no\">\n\t\t\t\t\t<div class=\"elementor-column elementor-col-50 elementor-top-column elementor-element elementor-element-2580226\" data-id=\"2580226\" data-element_type=\"column\" data-e-type=\"column\">\n\t\t\t<div class=\"elementor-widget-wrap elementor-element-populated\">\n\t\t\t\t\t\t<div class=\"elementor-element elementor-element-ef420b3 elementor-widget elementor-widget-edumel-instructor-content\" data-id=\"ef420b3\" data-element_type=\"widget\" data-e-type=\"widget\" data-widget_type=\"edumel-instructor-content.default\">\n\t\t\t\t<div class=\"elementor-widget-container\">\n\t\t\t\t\t\t\t\n\t\t<div class=\"section-heading\">\n\t\t\t<span class=\"subheading\">Sur mesure<\/span>\n\t\t\t<h2 class=\"font-lg mb-20\">Coaching personnalis\u00e9 pour le TCF Canada<\/h2>\n\t\t\t<p class=\"mb-30\">B\u00e9n\u00e9ficiez d\u2019un accompagnement sur-mesure pour maximiser vos chances de r\u00e9ussite<\/p>\n\t\t\t   \n\t\t\t<ul class=\"list-item mb-40\">\n\t\t\t\t\t\n\t\t\t\t\t\t<li><i class=\"fa fa-check\"><\/i><h5>\u00c9valuation de votre niveau initial<\/h5><\/li>\t\t\t\t\t\t\n\t\t\t\t\t\n\t\t\t\t\t\t<li><i class=\"fa fa-check\"><\/i><h5>Objectifs adapt\u00e9s (B1, B2, C1, C2)<\/h5><\/li>\t\t\t\t\t\t\n\t\t\t\t\t\n\t\t\t\t\t\t<li><i class=\"fa fa-check\"><\/i><h5>Pr\u00e9paration cibl\u00e9e \u00e0 l\u2019expression orale et \u00e9crite<\/h5><\/li>\t\t\t\t\t\t\n\t\t\t\t\t\n\t\t\t\t\t\t<li><i class=\"fa fa-check\"><\/i><h5>Correction individualis\u00e9e de vos productions<\/h5><\/li>\t\t\t\t\t\t\n\t\t\t\t\t\n\t\t\t\t\t\t<li><i class=\"fa fa-check\"><\/i><h5>Suivi en visio ou par t\u00e9l\u00e9phone<\/h5><\/li>\t\t\t\t\t\t\n\t\t\t\t\t\t\t\t\t\t\n\t\t\t\n\n\t\t\t<\/ul>\n\t\t\t\t\t\t<a href=\"\/en\/contact\/\" class=\"btn btn-main rounded\">R\u00e9servez maintenant<\/a>\n\t\t\t\t\t<\/div>\t\t\n\t\t\n\t\t\t\t\t\t<\/div>\n\t\t\t\t<\/div>\n\t\t\t\t\t<\/div>\n\t\t<\/div>\n\t\t\t\t<div class=\"elementor-column elementor-col-50 elementor-top-column elementor-element elementor-element-b36ed0b\" data-id=\"b36ed0b\" data-element_type=\"column\" data-e-type=\"column\" data-settings=\"{&quot;background_background&quot;:&quot;classic&quot;}\">\n\t\t\t<div class=\"elementor-widget-wrap\">\n\t\t\t\t\t\t\t<\/div>\n\t\t<\/div>\n\t\t\t\t\t<\/div>\n\t\t<\/section>\n\t\t\t\t<section class=\"elementor-section elementor-top-section elementor-element elementor-element-2f2cfd8 elementor-section-boxed elementor-section-height-default elementor-section-height-default wpr-particle-no wpr-jarallax-no wpr-parallax-no wpr-sticky-section-no\" data-id=\"2f2cfd8\" data-element_type=\"section\" data-e-type=\"section\" data-settings=\"{&quot;background_background&quot;:&quot;classic&quot;}\">\n\t\t\t\t\t\t\t<div class=\"elementor-background-overlay\"><\/div>\n\t\t\t\t\t\t\t<div class=\"elementor-container elementor-column-gap-no\">\n\t\t\t\t\t<div class=\"elementor-column elementor-col-50 elementor-top-column elementor-element elementor-element-be6508b\" data-id=\"be6508b\" data-element_type=\"column\" data-e-type=\"column\">\n\t\t\t<div class=\"elementor-widget-wrap elementor-element-populated\">\n\t\t\t\t\t\t<div class=\"elementor-element elementor-element-484d1db elementor-widget elementor-widget-edumel-title\" data-id=\"484d1db\" data-element_type=\"widget\" data-e-type=\"widget\" data-widget_type=\"edumel-title.default\">\n\t\t\t\t<div class=\"elementor-widget-container\">\n\t\t\t\t\t\t\t\n\t\t<div class=\"section-heading  text-left\">\n\t\t\t\n\t\t\t\t\t\t\t\t\t<h2 class=\"font-lg\">Coachs comp\u00e9tents et disponibles<\/h2>\n\t\t\t\t\t<\/div>\n\t\t\t\t\t\t<\/div>\n\t\t\t\t<\/div>\n\t\t\t\t\t<\/div>\n\t\t<\/div>\n\t\t\t\t<div class=\"elementor-column elementor-col-50 elementor-top-column elementor-element elementor-element-1ddd042\" data-id=\"1ddd042\" data-element_type=\"column\" data-e-type=\"column\">\n\t\t\t<div class=\"elementor-widget-wrap elementor-element-populated\">\n\t\t\t\t\t\t<div class=\"elementor-element elementor-element-bf16206 elementor-widget elementor-widget-text-editor\" data-id=\"bf16206\" data-element_type=\"widget\" data-e-type=\"widget\" data-widget_type=\"text-editor.default\">\n\t\t\t\t\t\t\t\t\t<p>Profitez d\u2019un accompagnement personnalis\u00e9 avec un formateur expert pour cibler vos points faibles, progresser rapidement \u00e0 l\u2019\u00e9crit comme \u00e0 l\u2019oral, et atteindre le niveau requis (B1, B2, C1, C2). \u00c9valuation, entra\u00eenement, corrections et suivi en ligne inclus.<\/p>\t\t\t\t\t\t\t\t<\/div>\n\t\t\t\t\t<\/div>\n\t\t<\/div>\n\t\t\t\t\t<\/div>\n\t\t<\/section>\n\t\t\t\t<\/div>","protected":false},"excerpt":{"rendered":"<p>Sur mesure Coaching personnalis\u00e9 pour le TCF Canada B\u00e9n\u00e9ficiez d\u2019un accompagnement sur-mesure pour maximiser vos<\/p>","protected":false},"author":1,"featured_media":0,"parent":0,"menu_order":0,"comment_status":"closed","ping_status":"closed","template":"page-builder.php","meta":{"footnotes":""},"class_list":["post-298","page","type-page","status-publish","hentry"],"yoast_head":"<!-- This site is optimized with the Yoast SEO plugin v27.1.1 - https:\/\/yoast.com\/product\/yoast-seo-wordpress\/ -->\n<title>Coaching en direct - SKU - TCF<\/title>\n<meta name=\"robots\" content=\"index, follow, max-snippet:-1, max-image-preview:large, max-video-preview:-1\" \/>\n<link rel=\"canonical\" href=\"https:\/\/sku-tcf.com\/en\/coaching\/\" \/>\n<meta property=\"og:locale\" content=\"en_US\" \/>\n<meta property=\"og:type\" content=\"article\" \/>\n<meta property=\"og:title\" content=\"Coaching en direct - SKU - TCF\" \/>\n<meta property=\"og:description\" content=\"Sur mesure Coaching personnalis\u00e9 pour le TCF Canada B\u00e9n\u00e9ficiez d\u2019un accompagnement sur-mesure pour maximiser vos\" \/>\n<meta property=\"og:url\" content=\"https:\/\/sku-tcf.com\/en\/coaching\/\" \/>\n<meta property=\"og:site_name\" content=\"SKU - TCF\" \/>\n<meta property=\"article:modified_time\" content=\"2026-02-28T23:05:57+00:00\" \/>\n<meta name=\"twitter:card\" content=\"summary_large_image\" \/>\n<meta name=\"twitter:label1\" content=\"Est. reading time\" \/>\n\t<meta name=\"twitter:data1\" content=\"1 minute\" \/>\n<script type=\"application\/ld+json\" class=\"yoast-schema-graph\">{\"@context\":\"https:\/\/schema.org\",\"@graph\":[{\"@type\":\"WebPage\",\"@id\":\"https:\/\/sku-tcf.com\/coaching\/\",\"url\":\"https:\/\/sku-tcf.com\/coaching\/\",\"name\":\"Coaching en direct - SKU - TCF\",\"isPartOf\":{\"@id\":\"https:\/\/sku-tcf.com\/#website\"},\"datePublished\":\"2023-09-11T09:13:51+00:00\",\"dateModified\":\"2026-02-28T23:05:57+00:00\",\"breadcrumb\":{\"@id\":\"https:\/\/sku-tcf.com\/coaching\/#breadcrumb\"},\"inLanguage\":\"en-CA\",\"potentialAction\":[{\"@type\":\"ReadAction\",\"target\":[\"https:\/\/sku-tcf.com\/coaching\/\"]}]},{\"@type\":\"BreadcrumbList\",\"@id\":\"https:\/\/sku-tcf.com\/coaching\/#breadcrumb\",\"itemListElement\":[{\"@type\":\"ListItem\",\"position\":1,\"name\":\"Accueil\",\"item\":\"https:\/\/sku-tcf.com\/\"},{\"@type\":\"ListItem\",\"position\":2,\"name\":\"Coaching en direct\"}]},{\"@type\":\"WebSite\",\"@id\":\"https:\/\/sku-tcf.com\/#website\",\"url\":\"https:\/\/sku-tcf.com\/\",\"name\":\"SKU - TCF\",\"description\":\"Pr\u00e9parez, progressez et performez-vous \u2013 avec SKU-TCF\",\"publisher\":{\"@id\":\"https:\/\/sku-tcf.com\/#organization\"},\"potentialAction\":[{\"@type\":\"SearchAction\",\"target\":{\"@type\":\"EntryPoint\",\"urlTemplate\":\"https:\/\/sku-tcf.com\/?s={search_term_string}\"},\"query-input\":{\"@type\":\"PropertyValueSpecification\",\"valueRequired\":true,\"valueName\":\"search_term_string\"}}],\"inLanguage\":\"en-CA\"},{\"@type\":\"Organization\",\"@id\":\"https:\/\/sku-tcf.com\/#organization\",\"name\":\"SKU - TCF\",\"url\":\"https:\/\/sku-tcf.com\/\",\"logo\":{\"@type\":\"ImageObject\",\"inLanguage\":\"en-CA\",\"@id\":\"https:\/\/sku-tcf.com\/#\/schema\/logo\/image\/\",\"url\":\"https:\/\/sku-tcf.com\/wp-content\/uploads\/2025\/09\/e1793304a629429c911a8d8f55d94949-free-1.png\",\"contentUrl\":\"https:\/\/sku-tcf.com\/wp-content\/uploads\/2025\/09\/e1793304a629429c911a8d8f55d94949-free-1.png\",\"width\":199,\"height\":80,\"caption\":\"SKU - TCF\"},\"image\":{\"@id\":\"https:\/\/sku-tcf.com\/#\/schema\/logo\/image\/\"}}]}<\/script>\n<!-- \/ Yoast SEO plugin. -->","yoast_head_json":{"title":"Coaching en direct - SKU - TCF","robots":{"index":"index","follow":"follow","max-snippet":"max-snippet:-1","max-image-preview":"max-image-preview:large","max-video-preview":"max-video-preview:-1"},"canonical":"https:\/\/sku-tcf.com\/en\/coaching\/","og_locale":"en_US","og_type":"article","og_title":"Coaching en direct - SKU - TCF","og_description":"Sur mesure Coaching personnalis\u00e9 pour le TCF Canada B\u00e9n\u00e9ficiez d\u2019un accompagnement sur-mesure pour maximiser vos","og_url":"https:\/\/sku-tcf.com\/en\/coaching\/","og_site_name":"SKU - TCF","article_modified_time":"2026-02-28T23:05:57+00:00","twitter_card":"summary_large_image","twitter_misc":{"Est. reading time":"1 minute"},"schema":{"@context":"https:\/\/schema.org","@graph":[{"@type":"WebPage","@id":"https:\/\/sku-tcf.com\/coaching\/","url":"https:\/\/sku-tcf.com\/coaching\/","name":"Coaching en direct - SKU - TCF","isPartOf":{"@id":"https:\/\/sku-tcf.com\/#website"},"datePublished":"2023-09-11T09:13:51+00:00","dateModified":"2026-02-28T23:05:57+00:00","breadcrumb":{"@id":"https:\/\/sku-tcf.com\/coaching\/#breadcrumb"},"inLanguage":"en-CA","potentialAction":[{"@type":"ReadAction","target":["https:\/\/sku-tcf.com\/coaching\/"]}]},{"@type":"BreadcrumbList","@id":"https:\/\/sku-tcf.com\/coaching\/#breadcrumb","itemListElement":[{"@type":"ListItem","position":1,"name":"Accueil","item":"https:\/\/sku-tcf.com\/"},{"@type":"ListItem","position":2,"name":"Coaching en direct"}]},{"@type":"WebSite","@id":"https:\/\/sku-tcf.com\/#website","url":"https:\/\/sku-tcf.com\/","name":"SKU - TCF","description":"Pr\u00e9parez, progressez et performez-vous \u2013 avec SKU-TCF","publisher":{"@id":"https:\/\/sku-tcf.com\/#organization"},"potentialAction":[{"@type":"SearchAction","target":{"@type":"EntryPoint","urlTemplate":"https:\/\/sku-tcf.com\/?s={search_term_string}"},"query-input":{"@type":"PropertyValueSpecification","valueRequired":true,"valueName":"search_term_string"}}],"inLanguage":"en-CA"},{"@type":"Organization","@id":"https:\/\/sku-tcf.com\/#organization","name":"SKU - TCF","url":"https:\/\/sku-tcf.com\/","logo":{"@type":"ImageObject","inLanguage":"en-CA","@id":"https:\/\/sku-tcf.com\/#\/schema\/logo\/image\/","url":"https:\/\/sku-tcf.com\/wp-content\/uploads\/2025\/09\/e1793304a629429c911a8d8f55d94949-free-1.png","contentUrl":"https:\/\/sku-tcf.com\/wp-content\/uploads\/2025\/09\/e1793304a629429c911a8d8f55d94949-free-1.png","width":199,"height":80,"caption":"SKU - TCF"},"image":{"@id":"https:\/\/sku-tcf.com\/#\/schema\/logo\/image\/"}}]}},"_links":{"self":[{"href":"https:\/\/sku-tcf.com\/en\/wp-json\/wp\/v2\/pages\/298","targetHints":{"allow":["GET"]}}],"collection":[{"href":"https:\/\/sku-tcf.com\/en\/wp-json\/wp\/v2\/pages"}],"about":[{"href":"https:\/\/sku-tcf.com\/en\/wp-json\/wp\/v2\/types\/page"}],"author":[{"embeddable":true,"href":"https:\/\/sku-tcf.com\/en\/wp-json\/wp\/v2\/users\/1"}],"replies":[{"embeddable":true,"href":"https:\/\/sku-tcf.com\/en\/wp-json\/wp\/v2\/comments?post=298"}],"version-history":[{"count":26,"href":"https:\/\/sku-tcf.com\/en\/wp-json\/wp\/v2\/pages\/298\/revisions"}],"predecessor-version":[{"id":21768,"href":"https:\/\/sku-tcf.com\/en\/wp-json\/wp\/v2\/pages\/298\/revisions\/21768"}],"wp:attachment":[{"href":"https:\/\/sku-tcf.com\/en\/wp-json\/wp\/v2\/media?parent=298"}],"curies":[{"name":"wp","href":"https:\/\/api.w.org\/{rel}","templated":true}]}}