{"id":21603,"date":"2026-02-28T04:19:18","date_gmt":"2026-02-28T04:19:18","guid":{"rendered":"https:\/\/sku-tcf.com\/?page_id=21603"},"modified":"2026-02-28T18:00:21","modified_gmt":"2026-02-28T18:00:21","slug":"packs-premiums","status":"publish","type":"page","link":"https:\/\/sku-tcf.com\/en\/packs-premiums\/","title":{"rendered":"Packs Premiums"},"content":{"rendered":"<div data-elementor-type=\"wp-page\" data-elementor-id=\"21603\" class=\"elementor elementor-21603\">\n\t\t\t\t<div class=\"elementor-element elementor-element-c8a0c4c e-flex e-con-boxed wpr-particle-no wpr-jarallax-no wpr-parallax-no wpr-sticky-section-no e-con e-parent\" data-id=\"c8a0c4c\" data-element_type=\"container\" data-e-type=\"container\" data-settings=\"{&quot;background_background&quot;:&quot;classic&quot;}\">\n\t\t\t\t\t<div class=\"e-con-inner\">\n\t\t\t\t<div class=\"elementor-element elementor-element-5a19803 elementor-widget elementor-widget-heading\" data-id=\"5a19803\" data-element_type=\"widget\" data-e-type=\"widget\" data-widget_type=\"heading.default\">\n\t\t\t\t\t<h2 class=\"elementor-heading-title elementor-size-default\">Packs Premium<\/h2>\t\t\t\t<\/div>\n\t\t\t\t\t<\/div>\n\t\t\t\t<\/div>\n\t\t<div class=\"elementor-element elementor-element-b3ce57e e-flex e-con-boxed wpr-particle-no wpr-jarallax-no wpr-parallax-no wpr-sticky-section-no e-con e-parent\" data-id=\"b3ce57e\" data-element_type=\"container\" data-e-type=\"container\">\n\t\t\t\t\t<div class=\"e-con-inner\">\n\t\t\t\t<div class=\"elementor-element elementor-element-73a8d1e elementor-widget elementor-widget-heading\" data-id=\"73a8d1e\" data-element_type=\"widget\" data-e-type=\"widget\" data-widget_type=\"heading.default\">\n\t\t\t\t\t<h2 class=\"elementor-heading-title elementor-size-default\">Pr\u00e9sentation du Pack<\/h2>\t\t\t\t<\/div>\n\t\t\t\t<div class=\"elementor-element elementor-element-fdee9bd elementor-widget elementor-widget-text-editor\" data-id=\"fdee9bd\" data-element_type=\"widget\" data-e-type=\"widget\" data-widget_type=\"text-editor.default\">\n\t\t\t\t\t\t\t\t\t<p style=\"text-align: left;\"><strong>Le Pack Premium<\/strong> est destin\u00e9 aux candidats qui souhaitent maximiser leurs chances de r\u00e9ussite gr\u00e2ce \u00e0 un accompagnement personnalis\u00e9. Il inclut un acc\u00e8s illimit\u00e9 \u00e0 tous les contenus de pr\u00e9paration (m\u00e9thodologie \u00e9crite et orale, compr\u00e9hension \u00e9crite et orale), ainsi qu\u2019un coaching individuel avec suivi, conseils adapt\u00e9s, simulations d\u2019\u00e9preuves et corrections personnalis\u00e9es. Vous b\u00e9n\u00e9ficiez de cet accompagnement complet pendant toute la dur\u00e9e du forfait choisi (1 semaine, 2 semaines, 1 mois, 2 mois ou 3 mois), id\u00e9al pour gagner en confiance et viser un score \u00e9lev\u00e9.<\/p>\t\t\t\t\t\t\t\t<\/div>\n\t\t\t\t<div class=\"elementor-element elementor-element-baa785a elementor-widget elementor-widget-heading\" data-id=\"baa785a\" data-element_type=\"widget\" data-e-type=\"widget\" data-widget_type=\"heading.default\">\n\t\t\t\t\t<h4 class=\"elementor-heading-title elementor-size-default\">Tarification des forfaits du Pack<\/h4>\t\t\t\t<\/div>\n\t\t\t\t\t<\/div>\n\t\t\t\t<\/div>\n\t\t<div class=\"elementor-element elementor-element-131a0f1 e-flex e-con-boxed wpr-particle-no wpr-jarallax-no wpr-parallax-no wpr-sticky-section-no e-con e-parent\" data-id=\"131a0f1\" data-element_type=\"container\" data-e-type=\"container\">\n\t\t\t\t\t<div class=\"e-con-inner\">\n\t\t\t\t<div class=\"elementor-element elementor-element-590d651 elementor-widget__width-initial wpr-price-list-old-position-before elementor-widget elementor-widget-wpr-price-list\" data-id=\"590d651\" data-element_type=\"widget\" data-e-type=\"widget\" data-widget_type=\"wpr-price-list.default\">\n\t\t\t\t\t\n\t\t<div class=\"wpr-price-list\">\n\t\t\t\n\t\t\t\n\t\t\t\t<div class=\"wpr-price-list-item elementor-repeater-item-9d2a00d elementor-clearfix\">\n\t\t\t\t\t\t\t\n\t\t\t\t\n\t\t\t\t\t<div class=\"wpr-price-list-content\">\n\t\t\t\t\t\t\n\t\t\t\t\t\t<div class=\"wpr-price-list-heading\">\n\t\t\t\t\t\t\t\n\t\t\t\t\t\t\t\t\t\t\t\t\t\t\t\n\t\t\t\t\t\t\t<span class=\"wpr-price-list-title\">01 semaine<\/span>\t\t\t\t\t\t\t\n\t\t\t\t\t\t\t\t\t\t\t\t\t\t\n\t\t\t\t\t\t\t\t\t\t\t\t\t\n\t\t\t\t\t\t\t\t<span class=\"wpr-price-list-separator\"><\/span>\n\t\t\t\t\t\t\t\n\t\t\t\t\t\t\t\t\t\t\t\t\t\t\t<span class=\"wpr-price-list-price-wrap\">\n\t\t\t\t\t\t\t\t\t\t\n\t\t\t\t\t\t\t\t\t<span class=\"wpr-price-list-price\">15000 CFA |  40$<\/span>\n\t\t\t\t\t\t\t\t\t\n\t\t\t\t\t\t\t\t\t\t\n\t\t\t\t\t\t\t\t\t<span class=\"wpr-price-list-old-price\">16500 CFA |  45$<\/span>\n\t\t\t\t\t\t\t\t\t\t\t\t\t\t\t\t\t<\/span>\n\t\t\t\t\t\t\t\n\t\t\t\t\t\t<\/div>\n\t\t\t\t\t\t\n\t\t\t\t\t\t\t\t\t\t\t\t\t<div class=\"wpr-price-list-description\">Qui donne l'acc\u00e8s pendant 01 semaine \u00e0 l'ensemble du contenu d'entrainement pour EE, EO, CE et CO \n\n<br>\n\n<a href=\"\/en\/contact\/\" style=\"color:red\">Acheter pour 01 semaine<\/a><\/div>\n\t\t\t\t\t\t\t\t\t\t\t<\/div>\n\n\t\t\t\t<\/div>\n\n\t\t\t\t\n\t\t\t\t<div class=\"wpr-price-list-item elementor-repeater-item-e6ea318 elementor-clearfix\">\n\t\t\t\t\t\t\t\n\t\t\t\t\n\t\t\t\t\t<div class=\"wpr-price-list-content\">\n\t\t\t\t\t\t\n\t\t\t\t\t\t<div class=\"wpr-price-list-heading\">\n\t\t\t\t\t\t\t\n\t\t\t\t\t\t\t\t\t\t\t\t\t\t\t\n\t\t\t\t\t\t\t<span class=\"wpr-price-list-title\">02 semaines<\/span>\t\t\t\t\t\t\t\n\t\t\t\t\t\t\t\t\t\t\t\t\t\t\n\t\t\t\t\t\t\t\t\t\t\t\t\t\n\t\t\t\t\t\t\t\t<span class=\"wpr-price-list-separator\"><\/span>\n\t\t\t\t\t\t\t\n\t\t\t\t\t\t\t\t\t\t\t\t\t\t\t<span class=\"wpr-price-list-price-wrap\">\n\t\t\t\t\t\t\t\t\t\t\n\t\t\t\t\t\t\t\t\t<span class=\"wpr-price-list-price\">20000CFA  |  50$<\/span>\n\t\t\t\t\t\t\t\t\t\n\t\t\t\t\t\t\t\t\t\t\n\t\t\t\t\t\t\t\t\t<span class=\"wpr-price-list-old-price\">21500CFA  |  55$<\/span>\n\t\t\t\t\t\t\t\t\t\t\t\t\t\t\t\t\t<\/span>\n\t\t\t\t\t\t\t\n\t\t\t\t\t\t<\/div>\n\t\t\t\t\t\t\n\t\t\t\t\t\t\t\t\t\t\t\t\t<div class=\"wpr-price-list-description\">Qui donne l'acc\u00e8s pendant 02 semaines \u00e0 l'ensemble du contenu d'entrainement pour EE, EO, CE et CO\n\n<br>\n\n<a href=\"\/en\/contact\/\" style=\"color:red\">Acheter pour 02 semaine<\/a><\/div>\n\t\t\t\t\t\t\t\t\t\t\t<\/div>\n\n\t\t\t\t<\/div>\n\n\t\t\t\t\n\t\t\t\t<div class=\"wpr-price-list-item elementor-repeater-item-71ccffc elementor-clearfix\">\n\t\t\t\t\t\t\t\n\t\t\t\t\n\t\t\t\t\t<div class=\"wpr-price-list-content\">\n\t\t\t\t\t\t\n\t\t\t\t\t\t<div class=\"wpr-price-list-heading\">\n\t\t\t\t\t\t\t\n\t\t\t\t\t\t\t\t\t\t\t\t\t\t\t\n\t\t\t\t\t\t\t<span class=\"wpr-price-list-title\">01 mois<\/span>\t\t\t\t\t\t\t\n\t\t\t\t\t\t\t\t\t\t\t\t\t\t\n\t\t\t\t\t\t\t\t\t\t\t\t\t\n\t\t\t\t\t\t\t\t<span class=\"wpr-price-list-separator\"><\/span>\n\t\t\t\t\t\t\t\n\t\t\t\t\t\t\t\t\t\t\t\t\t\t\t<span class=\"wpr-price-list-price-wrap\">\n\t\t\t\t\t\t\t\t\t\t\n\t\t\t\t\t\t\t\t\t<span class=\"wpr-price-list-price\">40000CFA  |  100$  <\/span>\n\t\t\t\t\t\t\t\t\t\n\t\t\t\t\t\t\t\t\t\t\n\t\t\t\t\t\t\t\t\t<span class=\"wpr-price-list-old-price\">41500CFA  |  105$<\/span>\n\t\t\t\t\t\t\t\t\t\t\t\t\t\t\t\t\t<\/span>\n\t\t\t\t\t\t\t\n\t\t\t\t\t\t<\/div>\n\t\t\t\t\t\t\n\t\t\t\t\t\t\t\t\t\t\t\t\t<div class=\"wpr-price-list-description\">Qui donne l'acc\u00e8s pendant 01 mois \u00e0 l'ensemble du contenu d'entrainement pour EE, EO, CE et CO\n<br>\n\n<a href=\"\/en\/contact\/\" style=\"color:red\">Acheter pour 01 mois<\/a><\/div>\n\t\t\t\t\t\t\t\t\t\t\t<\/div>\n\n\t\t\t\t<\/div>\n\n\t\t\t\t\n\t\t\t\t<div class=\"wpr-price-list-item elementor-repeater-item-71297a5 elementor-clearfix\">\n\t\t\t\t\t\t\t\n\t\t\t\t\n\t\t\t\t\t<div class=\"wpr-price-list-content\">\n\t\t\t\t\t\t\n\t\t\t\t\t\t<div class=\"wpr-price-list-heading\">\n\t\t\t\t\t\t\t\n\t\t\t\t\t\t\t\t\t\t\t\t\t\t\t\n\t\t\t\t\t\t\t<span class=\"wpr-price-list-title\">02 mois<\/span>\t\t\t\t\t\t\t\n\t\t\t\t\t\t\t\t\t\t\t\t\t\t\n\t\t\t\t\t\t\t\t\t\t\t\t\t\n\t\t\t\t\t\t\t\t<span class=\"wpr-price-list-separator\"><\/span>\n\t\t\t\t\t\t\t\n\t\t\t\t\t\t\t\t\t\t\t\t\t\t\t<span class=\"wpr-price-list-price-wrap\">\n\t\t\t\t\t\t\t\t\t\t\n\t\t\t\t\t\t\t\t\t<span class=\"wpr-price-list-price\">80000CFA  |  200$  <\/span>\n\t\t\t\t\t\t\t\t\t\n\t\t\t\t\t\t\t\t\t\t\n\t\t\t\t\t\t\t\t\t<span class=\"wpr-price-list-old-price\">81500CFA  |  205$<\/span>\n\t\t\t\t\t\t\t\t\t\t\t\t\t\t\t\t\t<\/span>\n\t\t\t\t\t\t\t\n\t\t\t\t\t\t<\/div>\n\t\t\t\t\t\t\n\t\t\t\t\t\t\t\t\t\t\t\t\t<div class=\"wpr-price-list-description\">Qui donne l'acc\u00e8s pendant 02 mois \u00e0 l'ensemble du contenu d'entrainement pour EE, EO, CE et CO\n\n<br>\n\n<a href=\"\/en\/contact\/\" style=\"color:red\">Acheter pour 02 mois<\/a><\/div>\n\t\t\t\t\t\t\t\t\t\t\t<\/div>\n\n\t\t\t\t<\/div>\n\n\t\t\t\t\n\t\t\t\t<div class=\"wpr-price-list-item elementor-repeater-item-4af5724 elementor-clearfix\">\n\t\t\t\t\t\t\t\n\t\t\t\t\n\t\t\t\t\t<div class=\"wpr-price-list-content\">\n\t\t\t\t\t\t\n\t\t\t\t\t\t<div class=\"wpr-price-list-heading\">\n\t\t\t\t\t\t\t\n\t\t\t\t\t\t\t\t\t\t\t\t\t\t\t\n\t\t\t\t\t\t\t<span class=\"wpr-price-list-title\">03 mois<\/span>\t\t\t\t\t\t\t\n\t\t\t\t\t\t\t\t\t\t\t\t\t\t\n\t\t\t\t\t\t\t\t\t\t\t\t\t\n\t\t\t\t\t\t\t\t<span class=\"wpr-price-list-separator\"><\/span>\n\t\t\t\t\t\t\t\n\t\t\t\t\t\t\t\t\t\t\t\t\t\t\t<span class=\"wpr-price-list-price-wrap\">\n\t\t\t\t\t\t\t\t\t\t\n\t\t\t\t\t\t\t\t\t<span class=\"wpr-price-list-price\">120000CFA  |  300$  <\/span>\n\t\t\t\t\t\t\t\t\t\n\t\t\t\t\t\t\t\t\t\t\n\t\t\t\t\t\t\t\t\t<span class=\"wpr-price-list-old-price\">35000 CFA  |  305$<\/span>\n\t\t\t\t\t\t\t\t\t\t\t\t\t\t\t\t\t<\/span>\n\t\t\t\t\t\t\t\n\t\t\t\t\t\t<\/div>\n\t\t\t\t\t\t\n\t\t\t\t\t\t\t\t\t\t\t\t\t<div class=\"wpr-price-list-description\">Qui donne l'acc\u00e8s pendant 03 mois \u00e0 l'ensemble du contenu d'entrainement pour EE, EO, CE et CO\n\n<br>\n\n<a href=\"\/en\/contact\/\" style=\"color:red\">Acheter pour 03 mois<\/a><\/div>\n\t\t\t\t\t\t\t\t\t\t\t<\/div>\n\n\t\t\t\t<\/div>\n\n\t\t\t\t\t\t<\/div>\n\t\t\t\t\t\t<\/div>\n\t\t\t\t\t<\/div>\n\t\t\t\t<\/div>\n\t\t\t\t<\/div>","protected":false},"excerpt":{"rendered":"<p>Packs Premium Pr\u00e9sentation du Pack Le Pack Premium est destin\u00e9 aux candidats qui souhaitent maximiser<\/p>","protected":false},"author":1,"featured_media":0,"parent":0,"menu_order":0,"comment_status":"closed","ping_status":"closed","template":"elementor_header_footer","meta":{"footnotes":""},"class_list":["post-21603","page","type-page","status-publish","hentry"],"yoast_head":"<!-- This site is optimized with the Yoast SEO plugin v27.1.1 - https:\/\/yoast.com\/product\/yoast-seo-wordpress\/ -->\n<title>Packs Premiums - SKU - TCF<\/title>\n<meta name=\"robots\" content=\"index, follow, max-snippet:-1, max-image-preview:large, max-video-preview:-1\" \/>\n<link rel=\"canonical\" href=\"https:\/\/sku-tcf.com\/en\/packs-premiums\/\" \/>\n<meta property=\"og:locale\" content=\"en_US\" \/>\n<meta property=\"og:type\" content=\"article\" \/>\n<meta property=\"og:title\" content=\"Packs Premiums - SKU - TCF\" \/>\n<meta property=\"og:description\" content=\"Packs Premium Pr\u00e9sentation du Pack Le Pack Premium est destin\u00e9 aux candidats qui souhaitent maximiser\" \/>\n<meta property=\"og:url\" content=\"https:\/\/sku-tcf.com\/en\/packs-premiums\/\" \/>\n<meta property=\"og:site_name\" content=\"SKU - TCF\" \/>\n<meta property=\"article:modified_time\" content=\"2026-02-28T18:00:21+00:00\" \/>\n<meta name=\"twitter:card\" content=\"summary_large_image\" \/>\n<meta name=\"twitter:label1\" content=\"Est. reading time\" \/>\n\t<meta name=\"twitter:data1\" content=\"2 minutes\" \/>\n<script type=\"application\/ld+json\" class=\"yoast-schema-graph\">{\"@context\":\"https:\/\/schema.org\",\"@graph\":[{\"@type\":\"WebPage\",\"@id\":\"https:\/\/sku-tcf.com\/packs-premiums\/\",\"url\":\"https:\/\/sku-tcf.com\/packs-premiums\/\",\"name\":\"Packs Premiums - SKU - TCF\",\"isPartOf\":{\"@id\":\"https:\/\/sku-tcf.com\/#website\"},\"datePublished\":\"2026-02-28T04:19:18+00:00\",\"dateModified\":\"2026-02-28T18:00:21+00:00\",\"breadcrumb\":{\"@id\":\"https:\/\/sku-tcf.com\/packs-premiums\/#breadcrumb\"},\"inLanguage\":\"en-CA\",\"potentialAction\":[{\"@type\":\"ReadAction\",\"target\":[\"https:\/\/sku-tcf.com\/packs-premiums\/\"]}]},{\"@type\":\"BreadcrumbList\",\"@id\":\"https:\/\/sku-tcf.com\/packs-premiums\/#breadcrumb\",\"itemListElement\":[{\"@type\":\"ListItem\",\"position\":1,\"name\":\"Accueil\",\"item\":\"https:\/\/sku-tcf.com\/\"},{\"@type\":\"ListItem\",\"position\":2,\"name\":\"Packs Premiums\"}]},{\"@type\":\"WebSite\",\"@id\":\"https:\/\/sku-tcf.com\/#website\",\"url\":\"https:\/\/sku-tcf.com\/\",\"name\":\"SKU - TCF\",\"description\":\"Pr\u00e9parez, progressez et performez-vous \u2013 avec SKU-TCF\",\"publisher\":{\"@id\":\"https:\/\/sku-tcf.com\/#organization\"},\"potentialAction\":[{\"@type\":\"SearchAction\",\"target\":{\"@type\":\"EntryPoint\",\"urlTemplate\":\"https:\/\/sku-tcf.com\/?s={search_term_string}\"},\"query-input\":{\"@type\":\"PropertyValueSpecification\",\"valueRequired\":true,\"valueName\":\"search_term_string\"}}],\"inLanguage\":\"en-CA\"},{\"@type\":\"Organization\",\"@id\":\"https:\/\/sku-tcf.com\/#organization\",\"name\":\"SKU - TCF\",\"url\":\"https:\/\/sku-tcf.com\/\",\"logo\":{\"@type\":\"ImageObject\",\"inLanguage\":\"en-CA\",\"@id\":\"https:\/\/sku-tcf.com\/#\/schema\/logo\/image\/\",\"url\":\"https:\/\/sku-tcf.com\/wp-content\/uploads\/2025\/09\/e1793304a629429c911a8d8f55d94949-free-1.png\",\"contentUrl\":\"https:\/\/sku-tcf.com\/wp-content\/uploads\/2025\/09\/e1793304a629429c911a8d8f55d94949-free-1.png\",\"width\":199,\"height\":80,\"caption\":\"SKU - TCF\"},\"image\":{\"@id\":\"https:\/\/sku-tcf.com\/#\/schema\/logo\/image\/\"}}]}<\/script>\n<!-- \/ Yoast SEO plugin. -->","yoast_head_json":{"title":"Packs Premiums - SKU - TCF","robots":{"index":"index","follow":"follow","max-snippet":"max-snippet:-1","max-image-preview":"max-image-preview:large","max-video-preview":"max-video-preview:-1"},"canonical":"https:\/\/sku-tcf.com\/en\/packs-premiums\/","og_locale":"en_US","og_type":"article","og_title":"Packs Premiums - SKU - TCF","og_description":"Packs Premium Pr\u00e9sentation du Pack Le Pack Premium est destin\u00e9 aux candidats qui souhaitent maximiser","og_url":"https:\/\/sku-tcf.com\/en\/packs-premiums\/","og_site_name":"SKU - TCF","article_modified_time":"2026-02-28T18:00:21+00:00","twitter_card":"summary_large_image","twitter_misc":{"Est. reading time":"2 minutes"},"schema":{"@context":"https:\/\/schema.org","@graph":[{"@type":"WebPage","@id":"https:\/\/sku-tcf.com\/packs-premiums\/","url":"https:\/\/sku-tcf.com\/packs-premiums\/","name":"Packs Premiums - SKU - TCF","isPartOf":{"@id":"https:\/\/sku-tcf.com\/#website"},"datePublished":"2026-02-28T04:19:18+00:00","dateModified":"2026-02-28T18:00:21+00:00","breadcrumb":{"@id":"https:\/\/sku-tcf.com\/packs-premiums\/#breadcrumb"},"inLanguage":"en-CA","potentialAction":[{"@type":"ReadAction","target":["https:\/\/sku-tcf.com\/packs-premiums\/"]}]},{"@type":"BreadcrumbList","@id":"https:\/\/sku-tcf.com\/packs-premiums\/#breadcrumb","itemListElement":[{"@type":"ListItem","position":1,"name":"Accueil","item":"https:\/\/sku-tcf.com\/"},{"@type":"ListItem","position":2,"name":"Packs Premiums"}]},{"@type":"WebSite","@id":"https:\/\/sku-tcf.com\/#website","url":"https:\/\/sku-tcf.com\/","name":"SKU - TCF","description":"Pr\u00e9parez, progressez et performez-vous \u2013 avec SKU-TCF","publisher":{"@id":"https:\/\/sku-tcf.com\/#organization"},"potentialAction":[{"@type":"SearchAction","target":{"@type":"EntryPoint","urlTemplate":"https:\/\/sku-tcf.com\/?s={search_term_string}"},"query-input":{"@type":"PropertyValueSpecification","valueRequired":true,"valueName":"search_term_string"}}],"inLanguage":"en-CA"},{"@type":"Organization","@id":"https:\/\/sku-tcf.com\/#organization","name":"SKU - TCF","url":"https:\/\/sku-tcf.com\/","logo":{"@type":"ImageObject","inLanguage":"en-CA","@id":"https:\/\/sku-tcf.com\/#\/schema\/logo\/image\/","url":"https:\/\/sku-tcf.com\/wp-content\/uploads\/2025\/09\/e1793304a629429c911a8d8f55d94949-free-1.png","contentUrl":"https:\/\/sku-tcf.com\/wp-content\/uploads\/2025\/09\/e1793304a629429c911a8d8f55d94949-free-1.png","width":199,"height":80,"caption":"SKU - TCF"},"image":{"@id":"https:\/\/sku-tcf.com\/#\/schema\/logo\/image\/"}}]}},"_links":{"self":[{"href":"https:\/\/sku-tcf.com\/en\/wp-json\/wp\/v2\/pages\/21603","targetHints":{"allow":["GET"]}}],"collection":[{"href":"https:\/\/sku-tcf.com\/en\/wp-json\/wp\/v2\/pages"}],"about":[{"href":"https:\/\/sku-tcf.com\/en\/wp-json\/wp\/v2\/types\/page"}],"author":[{"embeddable":true,"href":"https:\/\/sku-tcf.com\/en\/wp-json\/wp\/v2\/users\/1"}],"replies":[{"embeddable":true,"href":"https:\/\/sku-tcf.com\/en\/wp-json\/wp\/v2\/comments?post=21603"}],"version-history":[{"count":13,"href":"https:\/\/sku-tcf.com\/en\/wp-json\/wp\/v2\/pages\/21603\/revisions"}],"predecessor-version":[{"id":21664,"href":"https:\/\/sku-tcf.com\/en\/wp-json\/wp\/v2\/pages\/21603\/revisions\/21664"}],"wp:attachment":[{"href":"https:\/\/sku-tcf.com\/en\/wp-json\/wp\/v2\/media?parent=21603"}],"curies":[{"name":"wp","href":"https:\/\/api.w.org\/{rel}","templated":true}]}}