{"id":1384,"date":"2025-09-27T13:12:08","date_gmt":"2025-09-27T13:12:08","guid":{"rendered":"https:\/\/sku-tcf.com\/?page_id=1384"},"modified":"2026-03-04T03:03:13","modified_gmt":"2026-03-04T03:03:13","slug":"preparez-votre-tcf-canada","status":"publish","type":"page","link":"https:\/\/sku-tcf.com\/en\/","title":{"rendered":"Pr\u00e9parez votre TCF Canada"},"content":{"rendered":"<div data-elementor-type=\"wp-page\" data-elementor-id=\"1384\" class=\"elementor elementor-1384\">\n\t\t\t\t\t\t<section class=\"elementor-section elementor-top-section elementor-element elementor-element-c90207e elementor-section-full_width elementor-section-height-default elementor-section-height-default wpr-particle-no wpr-jarallax-no wpr-parallax-no wpr-sticky-section-no\" data-id=\"c90207e\" data-element_type=\"section\" data-e-type=\"section\">\n\t\t\t\t\t\t<div class=\"elementor-container elementor-column-gap-no\">\n\t\t\t\t\t<div class=\"elementor-column elementor-col-100 elementor-top-column elementor-element elementor-element-e25da8d\" data-id=\"e25da8d\" data-element_type=\"column\" data-e-type=\"column\">\n\t\t\t<div class=\"elementor-widget-wrap elementor-element-populated\">\n\t\t\t\t\t\t<div class=\"elementor-element elementor-element-d2aadbf elementor-widget elementor-widget-edumel-banner\" data-id=\"d2aadbf\" data-element_type=\"widget\" data-e-type=\"widget\" data-widget_type=\"edumel-banner.default\">\n\t\t\t\t<div class=\"elementor-widget-container\">\n\t\t\t\t\t\n\t\t\n\t\t<!-- Banner Section Start -->\n\t\t<section class=\"banner-style-4 banner-padding\" >\n\t\t\t<div class=\"container\">\n\t\t\t\t<div class=\"row align-items-center justify-content-center\">\n\t\t\t\t\t<div class=\"col-md-12 col-xl-6 col-lg-6\">\n\t\t\t\t\t\t<div class=\"banner-content\">\n\t\t\t\t\t\t\t<span class=\"subheading\">Plus de 3000 exercices et sujets<\/span>\n\t\t\t\t\t\t\t<h1>Pr\u00e9parez le TCF Canada avec m\u00e9thode, efficacit\u00e9 et confiance.<\/h1>\n\t\t\t\t\t\t\t<p class=\"mb-40\">Bienvenue sur SKU-TCF, votre plateforme en ligne 100 % d\u00e9di\u00e9e \u00e0 la pr\u00e9paration au TCF Canada. Que vous soyez d\u00e9butant ou avanc\u00e9, nous vous accompagnons pas \u00e0 pas vers la r\u00e9ussite de votre Test de Connaissance du Fran\u00e7ais.<\/p>\n\n\t\t\t\t\t\t\t<div class=\"btn-container\">\n\t\t\t\t\t\t\t\t\t\t\t\t\t\t\t\t<a href=\"\/en\/nos-packs\/\" class=\"btn btn-main rounded\">Voir nos Packs<\/a> \n\t\t\t\t\t\t\t\t\t\t\t\t\t\t\t\n\t\t\t\t\t\t\t\t<a href=\"\/en\/contact\/\" class=\"btn btn-white rounded ms-2\">Essai Gratuit<\/a> \n\t\t\t\t\t\t\t\t\t\t\t\t\t\t\t\n\t\t\t\t\t\t\t<\/div>\n\t\t\t\t\t\t<\/div>\n\t\t\t\t\t<\/div>\n\n\t\t\t\t\t<div class=\"col-md-12 col-xl-6 col-lg-6\">\n\t\t\t\t\t\t<div class=\"banner-img-round mt-5 mt-lg-0 ps-5\">\n\t\t\t\t\t\t\t<img decoding=\"async\" src=\"https:\/\/rxdtheme.com\/themes-wp\/edumel\/wp-content\/uploads\/2023\/09\/banner_img-1.png\" alt=\"\" class=\"img-fluid\">\n\t\t\t\t\t\t<\/div>\n\t\t\t\t\t<\/div>\n\t\t\t\t<\/div> <!-- \/ .row -->\n\t\t\t<\/div> <!-- \/ .container -->\n\t\t<\/section>\n\t\t<!-- Banner Section End -->\n\t\t\n\t\t\t\t\t<\/div>\n\t\t\t\t<\/div>\n\t\t\t\t\t<\/div>\n\t\t<\/div>\n\t\t\t\t\t<\/div>\n\t\t<\/section>\n\t\t\t\t<section class=\"elementor-section elementor-top-section elementor-element elementor-element-482703c elementor-section-boxed elementor-section-height-default elementor-section-height-default wpr-particle-no wpr-jarallax-no wpr-parallax-no wpr-sticky-section-no\" data-id=\"482703c\" data-element_type=\"section\" data-e-type=\"section\">\n\t\t\t\t\t\t<div class=\"elementor-container elementor-column-gap-no\">\n\t\t\t\t\t<div class=\"elementor-column elementor-col-100 elementor-top-column elementor-element elementor-element-21d7da9\" data-id=\"21d7da9\" data-element_type=\"column\" data-e-type=\"column\">\n\t\t\t<div class=\"elementor-widget-wrap elementor-element-populated\">\n\t\t\t\t\t\t<div class=\"elementor-element elementor-element-ffef492 elementor-widget elementor-widget-edumel-counter-up\" data-id=\"ffef492\" data-element_type=\"widget\" data-e-type=\"widget\" data-widget_type=\"edumel-counter-up.default\">\n\t\t\t\t<div class=\"elementor-widget-container\">\n\t\t\t\t\t\n\t\t<!-- Counter Section start -->\n\t\t<section class=\"counter-section4\">\n\t\t\t<div class=\"container\">\n\t\t\t\t<div class=\"row justify-content-center\" >\n\t\t\t\t\t<div class=\"col-xl-12 counter-inner\">\n\t\t\t\t\t\t<div class=\"row\">\n\t\t\t\t\t\t\n\t\t\t\t\t\t\t\t\t\t\t\n\t\t\t\t\t\t\t\n\t\t\t\t\t\t\t<div class=\"col-lg-3 col-md-6\">\n\t\t\t\t\t\t\t\t<div class=\"counter-item mb-5 mb-lg-0\">\n\t\t\t\t\t\t\t\t\t<div class=\"count\">\n\t\t\t\t\t\t\t\t\t\t\t\t\t\t\t\t\t\t\t\t\t<span class=\"counter h2\">3000<\/span><span>+<\/span>\n\t\t\t\t\t\t\t\t\t\t\n\t\t\t\t\t\t\t\t\t<\/div>\n\t\t\t\t\t\t\t\t\t<p>Contenus<\/p>\n\t\t\t\t\t\t\t\t<\/div>\n\t\t\t\t\t\t\t<\/div>\n\t\t\t\t\t\t\t\t\t\t\t\n\t\t\t\t\t\t\t\n\t\t\t\t\t\t\t<div class=\"col-lg-3 col-md-6\">\n\t\t\t\t\t\t\t\t<div class=\"counter-item mb-5 mb-lg-0\">\n\t\t\t\t\t\t\t\t\t<div class=\"count\">\n\t\t\t\t\t\t\t\t\t\t\t\t\t\t\t\t\t\t\t\t\t<span class=\"counter h2\">500<\/span>\n\t\t\t\t\t\t\t\t\t\t\n\t\t\t\t\t\t\t\t\t<\/div>\n\t\t\t\t\t\t\t\t\t<p>Sujet &amp; corrig\u00e9s<\/p>\n\t\t\t\t\t\t\t\t<\/div>\n\t\t\t\t\t\t\t<\/div>\n\t\t\t\t\t\t\t\t\t\t\t\n\t\t\t\t\t\t\t\n\t\t\t\t\t\t\t<div class=\"col-lg-3 col-md-6\">\n\t\t\t\t\t\t\t\t<div class=\"counter-item mb-5 mb-lg-0\">\n\t\t\t\t\t\t\t\t\t<div class=\"count\">\n\t\t\t\t\t\t\t\t\t\t\t\t\t\t\t\t\t\t\t\t\t<span class=\"counter h2\">256<\/span>\n\t\t\t\t\t\t\t\t\t\t\n\t\t\t\t\t\t\t\t\t<\/div>\n\t\t\t\t\t\t\t\t\t<p>Tests d&#039;entrainement<\/p>\n\t\t\t\t\t\t\t\t<\/div>\n\t\t\t\t\t\t\t<\/div>\n\t\t\t\t\t\t\t\t\t\t\t\n\t\t\t\t\t\t\t\n\t\t\t\t\t\t\t<div class=\"col-lg-3 col-md-6\">\n\t\t\t\t\t\t\t\t<div class=\"counter-item mb-5 mb-lg-0\">\n\t\t\t\t\t\t\t\t\t<div class=\"count\">\n\t\t\t\t\t\t\t\t\t\t\t\t\t\t\t\t\t\t\t\t\t<span class=\"counter h2\">100<\/span> <span>%<\/span>\n\t\t\t\t\t\t\t\t\t\t\n\t\t\t\t\t\t\t\t\t<\/div>\n\t\t\t\t\t\t\t\t\t<p>Satisfaction<\/p>\n\t\t\t\t\t\t\t\t<\/div>\n\t\t\t\t\t\t\t<\/div>\n\t\t\t\t\t\t\t\t\t\t\n\t\t\t\t\t\t   \n\n\t\t\t\t\t\t<\/div>\n\t\t\t\t\t<\/div>\n\t\t\t   <\/div>\n\t\t\t<\/div>\n\t\t<\/section>\n\t\t<!-- COunter Section End -->\n\n\t\t\n\t\t\t\t\t\t<\/div>\n\t\t\t\t<\/div>\n\t\t\t\t\t<\/div>\n\t\t<\/div>\n\t\t\t\t\t<\/div>\n\t\t<\/section>\n\t\t\t\t<section class=\"elementor-section elementor-top-section elementor-element elementor-element-ff970e3 elementor-section-full_width elementor-section-height-default elementor-section-height-default wpr-particle-no wpr-jarallax-no wpr-parallax-no wpr-sticky-section-no\" data-id=\"ff970e3\" data-element_type=\"section\" data-e-type=\"section\">\n\t\t\t\t\t\t<div class=\"elementor-container elementor-column-gap-no\">\n\t\t\t\t\t<div class=\"elementor-column elementor-col-100 elementor-top-column elementor-element elementor-element-85d8c6c\" data-id=\"85d8c6c\" data-element_type=\"column\" data-e-type=\"column\">\n\t\t\t<div class=\"elementor-widget-wrap elementor-element-populated\">\n\t\t\t\t\t\t<div class=\"elementor-element elementor-element-a01cef2 elementor-widget elementor-widget-edumel-title\" data-id=\"a01cef2\" data-element_type=\"widget\" data-e-type=\"widget\" data-widget_type=\"edumel-title.default\">\n\t\t\t\t<div class=\"elementor-widget-container\">\n\t\t\t\t\t\t\t<div class=\"section-heading  text-center\">\n\t\t\t\t\t\t<h2 class=\"font-lg\">Nos Packs<\/h2>\n\t\t\t\t\t\t\t\t\t<p>Obtenez le niveau requis pour votre dossier d\u2019immigration au Canada ou votre projet acad\u00e9mique.<\/p>\n\t\t\t\t\t\t\n\n\t\t<\/div>\n\t\t\t\t\t\t<\/div>\n\t\t\t\t<\/div>\n\t\t\t\t<div class=\"elementor-element elementor-element-3139598 elementor-widget elementor-widget-edumel-cta-large\" data-id=\"3139598\" data-element_type=\"widget\" data-e-type=\"widget\" data-widget_type=\"edumel-cta-large.default\">\n\t\t\t\t<div class=\"elementor-widget-container\">\n\t\t\t\t\t\t\t\n\t\t<section class=\"cta\">\n\t\t\t<div class=\"container\">\n\t\t\t\t<div class=\"row cta-inner-section g-0\" style='background: url(\"https:\/\/sku-tcf.com\/wp-content\/uploads\/2026\/02\/logo-GIE.png\") 50% 50%;' >\n\t\t\t\t\t<div class=\"col-xl-6 col-lg-6\">\n\t\t\t\t\t\t<div class=\"info-box style-1\">\n\t\t\t\t\t\t\t<span class=\"subtitle\"># Nos Packs<\/span>\n\t\t\t\t\t\t\t<h2 class=\"font-lg mb-20 mt-10\">Packs Basiques<\/h2>\n\t\t\t\t\t\t\t\t\t\t\t\t\t\t<a href=\"\/en\/packs-basiques\/\" class=\"btn btn-main-2 rounded\">Voir les d\u00e9tails <i class=\"fa fa-angle-right\"><\/i><\/a>\n\t\t\t\t\t\t\t\t\t\t\t\t\t<\/div>\n\t\t\t\t\t<\/div>\n\n\t\t\t\t\t<div class=\"col-xl-6 col-lg-6\">\n\t\t\t\t\t\t<div class=\"info-box\">\n\t\t\t\t\t\t\t<span class=\"subtitle\"># Nos Packs<\/span>\n\t\t\t\t\t\t\t<h2 class=\"font-lg mb-20 mt-10\">Packs Premium<\/h2>\n\t\t\t\t\t\t\t\t\t\t\t\t\t\t<a href=\"\/en\/packs-premiums\/\" class=\"btn btn-main-2 rounded\">Voir les d\u00e9tails <i class=\"fa fa-angle-right\"><\/i><\/a>\n\t\t\t\t\t\t\t\t\t\t\t\t\t<\/div>\n\t\t\t\t\t<\/div>\n\t\t\t\t<\/div>\n\t\t\t<\/div>\n\t\t<\/section>\n\t\t\n\t\t\t\t\t\t<\/div>\n\t\t\t\t<\/div>\n\t\t\t\t\t<\/div>\n\t\t<\/div>\n\t\t\t\t\t<\/div>\n\t\t<\/section>\n\t\t\t\t<section class=\"elementor-section elementor-top-section elementor-element elementor-element-951d451 elementor-section-boxed elementor-section-height-default elementor-section-height-default wpr-particle-no wpr-jarallax-no wpr-parallax-no wpr-sticky-section-no\" data-id=\"951d451\" data-element_type=\"section\" data-e-type=\"section\">\n\t\t\t\t\t\t<div class=\"elementor-container elementor-column-gap-no\">\n\t\t\t\t\t<div class=\"elementor-column elementor-col-100 elementor-top-column elementor-element elementor-element-24c7aff\" data-id=\"24c7aff\" data-element_type=\"column\" data-e-type=\"column\">\n\t\t\t<div class=\"elementor-widget-wrap elementor-element-populated\">\n\t\t\t\t\t\t<div class=\"elementor-element elementor-element-6e86efb elementor-widget elementor-widget-edumel-title\" data-id=\"6e86efb\" data-element_type=\"widget\" data-e-type=\"widget\" data-widget_type=\"edumel-title.default\">\n\t\t\t\t<div class=\"elementor-widget-container\">\n\t\t\t\t\t\t\t<div class=\"section-heading  text-center\">\n\t\t\t\t\t\t<h2 class=\"font-lg\">Nos atouts<\/h2>\n\t\t\t\t\t\t\t\t\t<p>Obtenez le niveau requis pour votre dossier d\u2019immigration au Canada ou votre projet acad\u00e9mique.<\/p>\n\t\t\t\t\t\t\n\n\t\t<\/div>\n\t\t\t\t\t\t<\/div>\n\t\t\t\t<\/div>\n\t\t\t\t<section class=\"elementor-section elementor-inner-section elementor-element elementor-element-39ef08e elementor-section-boxed elementor-section-height-default elementor-section-height-default wpr-particle-no wpr-jarallax-no wpr-parallax-no wpr-sticky-section-no\" data-id=\"39ef08e\" data-element_type=\"section\" data-e-type=\"section\">\n\t\t\t\t\t\t<div class=\"elementor-container elementor-column-gap-no\">\n\t\t\t\t\t<div class=\"elementor-column elementor-col-50 elementor-inner-column elementor-element elementor-element-d3b4650\" data-id=\"d3b4650\" data-element_type=\"column\" data-e-type=\"column\">\n\t\t\t<div class=\"elementor-widget-wrap elementor-element-populated\">\n\t\t\t\t\t\t<div class=\"elementor-element elementor-element-0dd0adc elementor-widget__width-initial elementor-widget elementor-widget-edumel-step\" data-id=\"0dd0adc\" data-element_type=\"widget\" data-e-type=\"widget\" data-widget_type=\"edumel-step.default\">\n\t\t\t\t<div class=\"elementor-widget-container\">\n\t\t\t\t\t\t\t<div class=\"step-item\">\n\t\t\t<div class=\"step-number\">01<\/div>\n\t\t\t<div class=\"step-text\">\n\t\t\t\t<h5>Anciens Tests<\/h5>\n\t\t\t\t<p>Des packs d\u2019entra\u00eenement complets avec corrig\u00e9s d\u00e9taill\u00e9s<\/p>\n\t\t\t<\/div>\n\t\t<\/div>\t\t\t\t\n\t\t\t\t\n\n\t\t\n\t\t\t\t\t\t<\/div>\n\t\t\t\t<\/div>\n\t\t\t\t<div class=\"elementor-element elementor-element-6104937 elementor-widget__width-initial elementor-widget-mobile__width-initial elementor-widget elementor-widget-edumel-step\" data-id=\"6104937\" data-element_type=\"widget\" data-e-type=\"widget\" data-widget_type=\"edumel-step.default\">\n\t\t\t\t<div class=\"elementor-widget-container\">\n\t\t\t\t\t\t\t<div class=\"step-item\">\n\t\t\t<div class=\"step-number\">02<\/div>\n\t\t\t<div class=\"step-text\">\n\t\t\t\t<h5>Sessions gratuites<\/h5>\n\t\t\t\t<p>Des webinaires en direct avec des formateurs sp\u00e9cialis\u00e9s<\/p>\n\t\t\t<\/div>\n\t\t<\/div>\t\t\t\t\n\t\t\t\t\n\n\t\t\n\t\t\t\t\t\t<\/div>\n\t\t\t\t<\/div>\n\t\t\t\t<div class=\"elementor-element elementor-element-9054ebf elementor-widget__width-initial elementor-widget elementor-widget-edumel-step\" data-id=\"9054ebf\" data-element_type=\"widget\" data-e-type=\"widget\" data-widget_type=\"edumel-step.default\">\n\t\t\t\t<div class=\"elementor-widget-container\">\n\t\t\t\t\t\t\t<div class=\"step-item\">\n\t\t\t<div class=\"step-number\">03<\/div>\n\t\t\t<div class=\"step-text\">\n\t\t\t\t<h5>Accompagnement<\/h5>\n\t\t\t\t<p>Des s\u00e9ances de coaching personnalis\u00e9 efficaces qui s'adaptent \u00e0 vos lacunes<\/p>\n\t\t\t<\/div>\n\t\t<\/div>\t\t\t\t\n\t\t\t\t\n\n\t\t\n\t\t\t\t\t\t<\/div>\n\t\t\t\t<\/div>\n\t\t\t\t<div class=\"elementor-element elementor-element-e854483 elementor-widget__width-initial elementor-widget elementor-widget-edumel-step\" data-id=\"e854483\" data-element_type=\"widget\" data-e-type=\"widget\" data-widget_type=\"edumel-step.default\">\n\t\t\t\t<div class=\"elementor-widget-container\">\n\t\t\t\t\t\t\t<div class=\"step-item\">\n\t\t\t<div class=\"step-number\">02<\/div>\n\t\t\t<div class=\"step-text\">\n\t\t\t\t<h5>Restez \u00e0 jour<\/h5>\n\t\t\t\t<p>Une banque d\u2019exercices et de sujets d\u2019annales r\u00e9guli\u00e8rement mise \u00e0 jour<\/p>\n\t\t\t<\/div>\n\t\t<\/div>\t\t\t\t\n\t\t\t\t\n\n\t\t\n\t\t\t\t\t\t<\/div>\n\t\t\t\t<\/div>\n\t\t\t\t\t<\/div>\n\t\t<\/div>\n\t\t\t\t<div class=\"elementor-column elementor-col-50 elementor-inner-column elementor-element elementor-element-a85981a\" data-id=\"a85981a\" data-element_type=\"column\" data-e-type=\"column\">\n\t\t\t<div class=\"elementor-widget-wrap elementor-element-populated\">\n\t\t\t\t\t\t<div class=\"elementor-element elementor-element-7a36607 elementor-widget elementor-widget-edumel-video\" data-id=\"7a36607\" data-element_type=\"widget\" data-e-type=\"widget\" data-widget_type=\"edumel-video.default\">\n\t\t\t\t<div class=\"elementor-widget-container\">\n\t\t\t\t\t\t\t\n\t\t<div class=\"video-section mt-3 mt-xl-0\" style=\"background-image: url(https:\/\/sku-tcf.com\/wp-content\/uploads\/2026\/03\/drapeau-ca.png);\">\n\t\t\t<div class=\"video-content\">\t\t\n\t\t\t\t<a href=\"\" class=\"video-icon video-popup\"><i class=\"fa fa-play\"><\/i><\/a>\n\t\t\t<\/div>\n\t\t<\/div>\n\t\t\n\t\t\t\t\t\t<\/div>\n\t\t\t\t<\/div>\n\t\t\t\t\t<\/div>\n\t\t<\/div>\n\t\t\t\t\t<\/div>\n\t\t<\/section>\n\t\t\t\t\t<\/div>\n\t\t<\/div>\n\t\t\t\t\t<\/div>\n\t\t<\/section>\n\t\t\t\t<section class=\"elementor-section elementor-top-section elementor-element elementor-element-9fa24c6 elementor-section-full_width elementor-section-height-default elementor-section-height-default wpr-particle-no wpr-jarallax-no wpr-parallax-no wpr-sticky-section-no\" data-id=\"9fa24c6\" data-element_type=\"section\" data-e-type=\"section\" data-settings=\"{&quot;background_background&quot;:&quot;classic&quot;}\">\n\t\t\t\t\t\t<div class=\"elementor-container elementor-column-gap-no\">\n\t\t\t\t\t<div class=\"elementor-column elementor-col-100 elementor-top-column elementor-element elementor-element-88caab8\" data-id=\"88caab8\" data-element_type=\"column\" data-e-type=\"column\" data-settings=\"{&quot;background_background&quot;:&quot;classic&quot;}\">\n\t\t\t<div class=\"elementor-widget-wrap elementor-element-populated\">\n\t\t\t\t\t\t<div class=\"elementor-element elementor-element-77c75cc elementor-widget elementor-widget-edumel-cta\" data-id=\"77c75cc\" data-element_type=\"widget\" data-e-type=\"widget\" data-widget_type=\"edumel-cta.default\">\n\t\t\t\t<div class=\"elementor-widget-container\">\n\t\t\t\t\t\t\t\t<section class=\"cta-5 bg-gray\">\n\t\t\t\t<div class=\"container\">\n\t\t\t\t\t<div class=\"row justify-content-center\">\n\t\t\t\t\t\t<div class=\"col-xl-12\">\n\t\t\t\t\t\t\t<div class=\"cta-inner4\">\n\t\t\t\t\t\t\t\t<div class=\"row align-items-center justify-content-center\">\n\t\t\t\t\t\t\t\t\t<div class=\"col-xl-4 col-lg-5\">\n\t\t\t\t\t\t\t\t\t   <div class=\"cta-img mb-4 mb-lg-0\">\n\t\t\t\t\t\t\t\t\t\t   <img decoding=\"async\" src=\"https:\/\/rxdtheme.com\/themes-wp\/edumel\/wp-content\/uploads\/2023\/09\/img_9-1.png\" alt=\"\" class=\"img-fluid\">\n\t\t\t\t\t\t\t\t\t   <\/div>\n\t\t\t\t\t\t\t\t\t<\/div>\n\t\t\t\t\t\t\t\t\t<div class=\"col-xl-6 col-lg-6\">\n\t\t\t\t\t\t\t\t\t\t<div class=\"cta-content ps-lg-4\">\n\t\t\t\t\t\t\t\t\t\t\t<span class=\"subheading mb-10\">Vous ne savez pas o\u00f9 d\u00e9buter ? <\/span>\n\t\t\t\t\t\t\t\t\t\t\t<h2 class=\"mb-20\">Besoin d'une pr\u00e9paration sp\u00e9ciale, singuli\u00e8re adapt\u00e9e \u00e0 votre rythme ?<\/h2>\n\t\t\t\t\t\t\t\t\t\t\t\t\t\t\t\t\t\t\t\t\t\t<a href=\"\/en\/contact\/\" class=\"btn btn-main rounded\">Contactez-nous<\/a>\n\t\t\t\t\t\t\t\t\t\t\t\t\t\t\t\t\t\t\t\t\t<\/div>\n\t\t\t\t\t\t\t\t\t<\/div>\n\t\t\t\t\t\t\t\t<\/div>\n\t\t\t\t\t\t\t<\/div>\n\t\t\t\t\t\t<\/div>\n\t\t\t\t\t<\/div>\n\t\t\t\t<\/div>\n\t\t\t<\/section>\t\t\t\n\t\t\t\t\n\n\t\t\n\t\t\t\t\t\t<\/div>\n\t\t\t\t<\/div>\n\t\t\t\t\t<\/div>\n\t\t<\/div>\n\t\t\t\t\t<\/div>\n\t\t<\/section>\n\t\t\t\t<\/div>","protected":false},"excerpt":{"rendered":"<p>Plus de 3000 exercices et sujets Pr\u00e9parez le TCF Canada avec m\u00e9thode, efficacit\u00e9 et confiance.<\/p>","protected":false},"author":1,"featured_media":0,"parent":0,"menu_order":0,"comment_status":"closed","ping_status":"closed","template":"elementor_header_footer","meta":{"footnotes":""},"class_list":["post-1384","page","type-page","status-publish","hentry"],"yoast_head":"<!-- This site is optimized with the Yoast SEO plugin v27.1.1 - https:\/\/yoast.com\/product\/yoast-seo-wordpress\/ -->\n<title>Pr\u00e9parez votre TCF Canada - SKU - TCF<\/title>\n<meta name=\"robots\" content=\"index, follow, max-snippet:-1, max-image-preview:large, max-video-preview:-1\" \/>\n<link rel=\"canonical\" href=\"https:\/\/sku-tcf.com\/en\/\" \/>\n<meta property=\"og:locale\" content=\"en_US\" \/>\n<meta property=\"og:type\" content=\"article\" \/>\n<meta property=\"og:title\" content=\"Pr\u00e9parez votre TCF Canada - SKU - TCF\" \/>\n<meta property=\"og:description\" content=\"Plus de 3000 exercices et sujets Pr\u00e9parez le TCF Canada avec m\u00e9thode, efficacit\u00e9 et confiance.\" \/>\n<meta property=\"og:url\" content=\"https:\/\/sku-tcf.com\/en\/\" \/>\n<meta property=\"og:site_name\" content=\"SKU - TCF\" \/>\n<meta property=\"article:modified_time\" content=\"2026-03-04T03:03:13+00:00\" \/>\n<meta property=\"og:image\" content=\"https:\/\/rxdtheme.com\/themes-wp\/edumel\/wp-content\/uploads\/2023\/09\/banner_img-1.png\" \/>\n<meta name=\"twitter:card\" content=\"summary_large_image\" \/>\n<meta name=\"twitter:label1\" content=\"Est. reading time\" \/>\n\t<meta name=\"twitter:data1\" content=\"2 minutes\" \/>\n<script type=\"application\/ld+json\" class=\"yoast-schema-graph\">{\"@context\":\"https:\/\/schema.org\",\"@graph\":[{\"@type\":\"WebPage\",\"@id\":\"https:\/\/sku-tcf.com\/\",\"url\":\"https:\/\/sku-tcf.com\/\",\"name\":\"Pr\u00e9parez votre TCF Canada - SKU - TCF\",\"isPartOf\":{\"@id\":\"https:\/\/sku-tcf.com\/#website\"},\"primaryImageOfPage\":{\"@id\":\"https:\/\/sku-tcf.com\/#primaryimage\"},\"image\":{\"@id\":\"https:\/\/sku-tcf.com\/#primaryimage\"},\"thumbnailUrl\":\"https:\/\/rxdtheme.com\/themes-wp\/edumel\/wp-content\/uploads\/2023\/09\/banner_img-1.png\",\"datePublished\":\"2025-09-27T13:12:08+00:00\",\"dateModified\":\"2026-03-04T03:03:13+00:00\",\"breadcrumb\":{\"@id\":\"https:\/\/sku-tcf.com\/#breadcrumb\"},\"inLanguage\":\"en-CA\",\"potentialAction\":[{\"@type\":\"ReadAction\",\"target\":[\"https:\/\/sku-tcf.com\/\"]}]},{\"@type\":\"ImageObject\",\"inLanguage\":\"en-CA\",\"@id\":\"https:\/\/sku-tcf.com\/#primaryimage\",\"url\":\"https:\/\/rxdtheme.com\/themes-wp\/edumel\/wp-content\/uploads\/2023\/09\/banner_img-1.png\",\"contentUrl\":\"https:\/\/rxdtheme.com\/themes-wp\/edumel\/wp-content\/uploads\/2023\/09\/banner_img-1.png\"},{\"@type\":\"BreadcrumbList\",\"@id\":\"https:\/\/sku-tcf.com\/#breadcrumb\",\"itemListElement\":[{\"@type\":\"ListItem\",\"position\":1,\"name\":\"Accueil\",\"item\":\"https:\/\/sku-tcf.com\/\"},{\"@type\":\"ListItem\",\"position\":2,\"name\":\"Pr\u00e9parez votre TCF Canada\"}]},{\"@type\":\"WebSite\",\"@id\":\"https:\/\/sku-tcf.com\/#website\",\"url\":\"https:\/\/sku-tcf.com\/\",\"name\":\"SKU - TCF\",\"description\":\"Pr\u00e9parez, progressez et performez-vous \u2013 avec SKU-TCF\",\"publisher\":{\"@id\":\"https:\/\/sku-tcf.com\/#organization\"},\"potentialAction\":[{\"@type\":\"SearchAction\",\"target\":{\"@type\":\"EntryPoint\",\"urlTemplate\":\"https:\/\/sku-tcf.com\/?s={search_term_string}\"},\"query-input\":{\"@type\":\"PropertyValueSpecification\",\"valueRequired\":true,\"valueName\":\"search_term_string\"}}],\"inLanguage\":\"en-CA\"},{\"@type\":\"Organization\",\"@id\":\"https:\/\/sku-tcf.com\/#organization\",\"name\":\"SKU - TCF\",\"url\":\"https:\/\/sku-tcf.com\/\",\"logo\":{\"@type\":\"ImageObject\",\"inLanguage\":\"en-CA\",\"@id\":\"https:\/\/sku-tcf.com\/#\/schema\/logo\/image\/\",\"url\":\"https:\/\/sku-tcf.com\/wp-content\/uploads\/2025\/09\/e1793304a629429c911a8d8f55d94949-free-1.png\",\"contentUrl\":\"https:\/\/sku-tcf.com\/wp-content\/uploads\/2025\/09\/e1793304a629429c911a8d8f55d94949-free-1.png\",\"width\":199,\"height\":80,\"caption\":\"SKU - TCF\"},\"image\":{\"@id\":\"https:\/\/sku-tcf.com\/#\/schema\/logo\/image\/\"}}]}<\/script>\n<!-- \/ Yoast SEO plugin. -->","yoast_head_json":{"title":"Pr\u00e9parez votre TCF Canada - SKU - TCF","robots":{"index":"index","follow":"follow","max-snippet":"max-snippet:-1","max-image-preview":"max-image-preview:large","max-video-preview":"max-video-preview:-1"},"canonical":"https:\/\/sku-tcf.com\/en\/","og_locale":"en_US","og_type":"article","og_title":"Pr\u00e9parez votre TCF Canada - SKU - TCF","og_description":"Plus de 3000 exercices et sujets Pr\u00e9parez le TCF Canada avec m\u00e9thode, efficacit\u00e9 et confiance.","og_url":"https:\/\/sku-tcf.com\/en\/","og_site_name":"SKU - TCF","article_modified_time":"2026-03-04T03:03:13+00:00","og_image":[{"url":"https:\/\/rxdtheme.com\/themes-wp\/edumel\/wp-content\/uploads\/2023\/09\/banner_img-1.png","type":"","width":"","height":""}],"twitter_card":"summary_large_image","twitter_misc":{"Est. reading time":"2 minutes"},"schema":{"@context":"https:\/\/schema.org","@graph":[{"@type":"WebPage","@id":"https:\/\/sku-tcf.com\/","url":"https:\/\/sku-tcf.com\/","name":"Pr\u00e9parez votre TCF Canada - SKU - TCF","isPartOf":{"@id":"https:\/\/sku-tcf.com\/#website"},"primaryImageOfPage":{"@id":"https:\/\/sku-tcf.com\/#primaryimage"},"image":{"@id":"https:\/\/sku-tcf.com\/#primaryimage"},"thumbnailUrl":"https:\/\/rxdtheme.com\/themes-wp\/edumel\/wp-content\/uploads\/2023\/09\/banner_img-1.png","datePublished":"2025-09-27T13:12:08+00:00","dateModified":"2026-03-04T03:03:13+00:00","breadcrumb":{"@id":"https:\/\/sku-tcf.com\/#breadcrumb"},"inLanguage":"en-CA","potentialAction":[{"@type":"ReadAction","target":["https:\/\/sku-tcf.com\/"]}]},{"@type":"ImageObject","inLanguage":"en-CA","@id":"https:\/\/sku-tcf.com\/#primaryimage","url":"https:\/\/rxdtheme.com\/themes-wp\/edumel\/wp-content\/uploads\/2023\/09\/banner_img-1.png","contentUrl":"https:\/\/rxdtheme.com\/themes-wp\/edumel\/wp-content\/uploads\/2023\/09\/banner_img-1.png"},{"@type":"BreadcrumbList","@id":"https:\/\/sku-tcf.com\/#breadcrumb","itemListElement":[{"@type":"ListItem","position":1,"name":"Accueil","item":"https:\/\/sku-tcf.com\/"},{"@type":"ListItem","position":2,"name":"Pr\u00e9parez votre TCF Canada"}]},{"@type":"WebSite","@id":"https:\/\/sku-tcf.com\/#website","url":"https:\/\/sku-tcf.com\/","name":"SKU - TCF","description":"Pr\u00e9parez, progressez et performez-vous \u2013 avec SKU-TCF","publisher":{"@id":"https:\/\/sku-tcf.com\/#organization"},"potentialAction":[{"@type":"SearchAction","target":{"@type":"EntryPoint","urlTemplate":"https:\/\/sku-tcf.com\/?s={search_term_string}"},"query-input":{"@type":"PropertyValueSpecification","valueRequired":true,"valueName":"search_term_string"}}],"inLanguage":"en-CA"},{"@type":"Organization","@id":"https:\/\/sku-tcf.com\/#organization","name":"SKU - TCF","url":"https:\/\/sku-tcf.com\/","logo":{"@type":"ImageObject","inLanguage":"en-CA","@id":"https:\/\/sku-tcf.com\/#\/schema\/logo\/image\/","url":"https:\/\/sku-tcf.com\/wp-content\/uploads\/2025\/09\/e1793304a629429c911a8d8f55d94949-free-1.png","contentUrl":"https:\/\/sku-tcf.com\/wp-content\/uploads\/2025\/09\/e1793304a629429c911a8d8f55d94949-free-1.png","width":199,"height":80,"caption":"SKU - TCF"},"image":{"@id":"https:\/\/sku-tcf.com\/#\/schema\/logo\/image\/"}}]}},"_links":{"self":[{"href":"https:\/\/sku-tcf.com\/en\/wp-json\/wp\/v2\/pages\/1384","targetHints":{"allow":["GET"]}}],"collection":[{"href":"https:\/\/sku-tcf.com\/en\/wp-json\/wp\/v2\/pages"}],"about":[{"href":"https:\/\/sku-tcf.com\/en\/wp-json\/wp\/v2\/types\/page"}],"author":[{"embeddable":true,"href":"https:\/\/sku-tcf.com\/en\/wp-json\/wp\/v2\/users\/1"}],"replies":[{"embeddable":true,"href":"https:\/\/sku-tcf.com\/en\/wp-json\/wp\/v2\/comments?post=1384"}],"version-history":[{"count":26,"href":"https:\/\/sku-tcf.com\/en\/wp-json\/wp\/v2\/pages\/1384\/revisions"}],"predecessor-version":[{"id":22038,"href":"https:\/\/sku-tcf.com\/en\/wp-json\/wp\/v2\/pages\/1384\/revisions\/22038"}],"wp:attachment":[{"href":"https:\/\/sku-tcf.com\/en\/wp-json\/wp\/v2\/media?parent=1384"}],"curies":[{"name":"wp","href":"https:\/\/api.w.org\/{rel}","templated":true}]}}